{"id":10171,"date":"2020-03-11T16:23:51","date_gmt":"2020-03-11T16:23:51","guid":{"rendered":"http:\/\/www.cultureetcommunication.sn\/?page_id=10171"},"modified":"2022-10-12T14:23:38","modified_gmt":"2022-10-12T14:23:38","slug":"musee-boribana","status":"publish","type":"page","link":"https:\/\/www.culture.gouv.sn\/index.php\/musee-boribana\/","title":{"rendered":"Mus\u00e9e Boribana"},"content":{"rendered":"\n<h2>Pr\u00e9sentation du Mus\u00e9e Boribana :<\/h2>\n\n\n\n<div class=\"wp-block-group\"><div class=\"wp-block-group__inner-container\">\n<p class=\"has-text-align-center\">\u00a0Le Mus\u00e9e Boribana est un espace d\u00e9di\u00e9 \u00e0 la cr\u00e9ation artistique et aux expositions, et\u00a0 Boribana est un mot mandingue qui signifie \u00ab la course est termin\u00e9e \u00ab\u00a0. Symboliquement, c&rsquo;est la ligne d&rsquo;arriv\u00e9e.Ce mus\u00e9e a \u00e9t\u00e9 cr\u00e9\u00e9 par Boubacar Kon\u00e9 et son \u00e9pouse Carol Chritine Hilaria Pounder\u00a0 en 1990. Il se distingue par son architecture en forme de piano \u00e0 queue, et offre une collection de sculptures, de c\u00e9ramiques, de peintures, de tapisseries, de photos et de vid\u00e9os. Le volume de cette collection augmente chaque ann\u00e9e gr\u00e2ce \u00e0 une politique d\u2019acquisition permanente. Quatre (4) salles r\u00e9parties sur deux niveaux (rez-de-chauss\u00e9e et \u00e9tage) abritent les expositions. Le complexe dispose, en outre, de studios pour les r\u00e9sidences d\u2019artistes, de locaux servant de r\u00e9serves et d&rsquo;une salle de documentation. Les professionnels de l\u2019art, amateurs et collectionneurs s\u2019y c\u00f4toient r\u00e9guli\u00e8rement dans un environnement agr\u00e9able, un havre de qui\u00e9tude. Le Mus\u00e9e Boribana s\u2019inscrit dans le paysage local, national et international de l\u2019art contemporain et a accueilli des expositions de grands artistes s\u00e9n\u00e9galais, de la diaspora et de l\u2019Europe. L\u2019originalit\u00e9 du lieu r\u00e9side dans le fait qu\u2019il permet une rencontre de proximit\u00e9 avec les \u0153uvres dans une interaction directe avec les artistes qui y viennent en r\u00e9sidence. Cette synergie a pour ambition de promouvoir la culture et l\u2019art, de d\u00e9velopper entre artistes un esprit de partage, d\u2019\u00e9change et de communion.\u00a0\u00a0Le 12 d\u00e9cembre 2014, feu Boubacar Kon\u00e9 a fait don de ce patrimoine \u00e0 l&rsquo;\u00c9tat du S\u00e9n\u00e9gal, un geste hautement magnifi\u00e9 par les hautes autorit\u00e9s du pays, notamment Monsieur le Pr\u00e9sident de la R\u00e9publique Macky SALL et le Ministre de la Culture et de la Communication.<\/p>\n<\/div><\/div>\n","protected":false},"excerpt":{"rendered":"<p>Pr\u00e9sentation du Mus\u00e9e Boribana :<\/p>\n","protected":false},"author":1,"featured_media":0,"parent":0,"menu_order":0,"comment_status":"closed","ping_status":"closed","template":"","meta":{"ngg_post_thumbnail":0},"_links":{"self":[{"href":"https:\/\/www.culture.gouv.sn\/index.php\/wp-json\/wp\/v2\/pages\/10171"}],"collection":[{"href":"https:\/\/www.culture.gouv.sn\/index.php\/wp-json\/wp\/v2\/pages"}],"about":[{"href":"https:\/\/www.culture.gouv.sn\/index.php\/wp-json\/wp\/v2\/types\/page"}],"author":[{"embeddable":true,"href":"https:\/\/www.culture.gouv.sn\/index.php\/wp-json\/wp\/v2\/users\/1"}],"replies":[{"embeddable":true,"href":"https:\/\/www.culture.gouv.sn\/index.php\/wp-json\/wp\/v2\/comments?post=10171"}],"version-history":[{"count":5,"href":"https:\/\/www.culture.gouv.sn\/index.php\/wp-json\/wp\/v2\/pages\/10171\/revisions"}],"predecessor-version":[{"id":12051,"href":"https:\/\/www.culture.gouv.sn\/index.php\/wp-json\/wp\/v2\/pages\/10171\/revisions\/12051"}],"wp:attachment":[{"href":"https:\/\/www.culture.gouv.sn\/index.php\/wp-json\/wp\/v2\/media?parent=10171"}],"curies":[{"name":"wp","href":"https:\/\/api.w.org\/{rel}","templated":true}]}}