{"id":10178,"date":"2020-03-11T16:26:20","date_gmt":"2020-03-11T16:26:20","guid":{"rendered":"http:\/\/www.cultureetcommunication.sn\/?page_id=10178"},"modified":"2022-10-13T13:49:15","modified_gmt":"2022-10-13T13:49:15","slug":"biennale-de-lart-africain-contemporain","status":"publish","type":"page","link":"https:\/\/www.culture.gouv.sn\/index.php\/biennale-de-lart-africain-contemporain\/","title":{"rendered":"Biennale de l&rsquo;art africain contemporain"},"content":{"rendered":"\n<p><strong>Biennale de l\u2019art africain contemporain (Dak\u2019Art)<\/strong><\/p>\n\n\n\n<p>Institu\u00e9e par l\u2019\u00c9tat du S\u00e9n\u00e9gal depuis 1989 avec une premi\u00e8re \u00e9dition d\u00e9di\u00e9e \u00e0 la litt\u00e9rature en 1990, elle est r\u00e9serv\u00e9e \u00e0 l\u2019art contemporain lors de la deuxi\u00e8me \u00e9dition en 1992 avant d\u2019\u00eatre d\u00e9finitivement consacr\u00e9e \u00e0 la cr\u00e9ation africaine contemporaine \u00e0 partir de 1996.<strong><\/strong><\/p>\n\n\n\n<p>La biennale de Dakar est \u00e0 inscrire dans le sillage des grandes manifestations internationales pour la valorisation du patrimoine culturel moderne de l\u2019Afrique.<\/p>\n\n\n\n<p>Depuis le premier congr\u00e8s des \u00e9crivains et des artistes du monde noir, d\u2019Afrique et la diaspora, une volont\u00e9 s\u2019est affirm\u00e9e et sera pos\u00e9e \u00e0 travers des manifestations d\u2019envergure&nbsp;: Le Premier festival mondial des arts n\u00e8gres (Dakar, 1966), celui de 1977 \u00e0 Lagos, le manifeste culturel panafricain (Alger, 1969), la conf\u00e9rence intergouvernementale sur les politiques culturelles en Afrique (Accra, 1975) et la charte culturelle de l\u2019Afrique (Port-Louis ,1976) etc.<\/p>\n\n\n\n<p>La Convention pour la sauvegarde et la promotion de la diversit\u00e9 des expressions (Paris, 1985) est inspir\u00e9e par ces rencontres ci-dessus rappel\u00e9es.<\/p>\n\n\n\n<p>Au S\u00e9n\u00e9gal, deux initiatives majeures ont \u00e9t\u00e9 prises par l\u2019\u00c9tat pour marquer l\u2019importance de cette diversit\u00e9&nbsp;:<\/p>\n\n\n\n<p>Au niveau national, a \u00e9t\u00e9 organis\u00e9 le colloque sur les convergences culturelles au sein de la nation s\u00e9n\u00e9galaise (Kaolack, juin 1994). Et, c\u2019est en application des recommandations du colloque qu\u2019est institu\u00e9 le Festival national des arts et cultures dont la premi\u00e8re \u00e9dition s\u2019est tenue \u00e0 Thi\u00e8s en 1997.<\/p>\n\n\n\n<p>Au niveau du continent est promue la Biennale de Dakar. Institu\u00e9e en 1989 avec une premi\u00e8re \u00e9dition en 1990 consacr\u00e9e \u00e0 la litt\u00e9rature. Celle de 1992 est la premi\u00e8re consacr\u00e9e aux arts plastiques. Une \u00e9dition ne sera pas organis\u00e9e en 1994 et l\u2019\u00e9dition 1996 va ouvrir des biennales exclusivement r\u00e9serv\u00e9es aux arts plastiques d\u2019Afrique et de sa diaspora et non \u00e0 l\u2019art contemporain international.<\/p>\n\n\n\n<p>La Biennale de Dakar s\u2019inscrit ainsi dans les m\u00eames traditions que Venise (1895), Sao Paulo (1951), La Havane (1984) et Dak&rsquo;Art tient sa quatorzi\u00e8me \u00e9dition du 19 mai au 21 juin 2022.<\/p>\n\n\n\n<p>La biennale de Dakar a permis de r\u00e9v\u00e9ler de nombreux artistes africains.<\/p>\n\n\n\n<p>Elle a suscit\u00e9 des vocations et a aussi particip\u00e9 \u00e0 renforcer la cr\u00e9dibilit\u00e9 et la notori\u00e9t\u00e9 de diff\u00e9rents intervenants : curateurs, critiques d\u2019art, journalistes culturels, responsables de galerie, sc\u00e9nographes, etc.<\/p>\n\n\n\n<p>De nombreux \u00e9v\u00e9nements sur l\u2019art contemporain en Afrique comme en dehors du continent s\u2019inspirent aussi de l\u2019exp\u00e9rience de Dak\u2019Art.<\/p>\n\n\n\n<p>La biennale de Dakar a beaucoup encourag\u00e9 l\u2019organisation d\u2019expositions en marge de la s\u00e9lection internationale. Le off de Dak\u2019Art est aujourd\u2019hui devenu une composante essentielle avec la participation d\u2019artistes locaux et \u00e9trangers de tous les continents. Le Off est devenu par la suite une part int\u00e9grale qui la grande plate-forme qu\u2019est la Biennale de Dakar.<\/p>\n\n\n\n<p>Des r\u00e9gions hors de Dakar comme Thi\u00e8s, Ziguinchor, Mbour, Saint-Louis, Kaolack proposent maintenant des expositions off.<\/p>\n\n\n\n<p>Les Grands Prix L\u00e9opold S\u00e9dar Senghor de la Biennale de Dakar<\/p>\n\n\n\n<p>\u00b7&nbsp;&nbsp;&nbsp;&nbsp;&nbsp;&nbsp;&nbsp;&nbsp;&nbsp;Prix 1992&nbsp;: Moustapha Dim\u00e9 (S\u00e9n\u00e9gal) et Zerihun Yetmgeta (\u00c9thiopie)<\/p>\n\n\n\n<p>\u00b7&nbsp;&nbsp;&nbsp;&nbsp;&nbsp;&nbsp;&nbsp;&nbsp;&nbsp;Prix 1996&nbsp;: Abdoulaye Konat\u00e9 (Mali)<\/p>\n\n\n\n<p>\u00b7&nbsp;&nbsp;&nbsp;&nbsp;&nbsp;&nbsp;&nbsp;&nbsp;&nbsp;Prix 1998&nbsp;: Viy\u00e9 Diba (S\u00e9n\u00e9gal)<\/p>\n\n\n\n<p>\u00b7&nbsp;&nbsp;&nbsp;&nbsp;&nbsp;&nbsp;&nbsp;&nbsp;&nbsp;Prix 2000&nbsp;: Fatma Charfi M\u2019Seddi (Tunisie)<\/p>\n\n\n\n<p>\u00b7&nbsp;&nbsp;&nbsp;&nbsp;&nbsp;&nbsp;&nbsp;&nbsp;&nbsp;Prix 2002&nbsp;: Ndary L\u00f4 (S\u00e9n\u00e9gal)<\/p>\n\n\n\n<p>\u00b7&nbsp;&nbsp;&nbsp;&nbsp;&nbsp;&nbsp;&nbsp;&nbsp;&nbsp;Prix 2004&nbsp;: Mich\u00e8le Magema (R\u00e9publique d\u00e9mocratique du Congo)<\/p>\n\n\n\n<p>\u00b7&nbsp;&nbsp;&nbsp;&nbsp;&nbsp;&nbsp;&nbsp;&nbsp;&nbsp;Prix 2006&nbsp;: Mounir Fatmi (Maroc)<\/p>\n\n\n\n<p>\u00b7&nbsp;&nbsp;&nbsp;&nbsp;&nbsp;&nbsp;&nbsp;&nbsp;&nbsp;Prix 2008&nbsp;: Ndary L\u00f4 (S\u00e9n\u00e9gal), et Mansour Ciss Kanakassy (S\u00e9n\u00e9gal)<\/p>\n\n\n\n<p>\u00b7&nbsp;&nbsp;&nbsp;&nbsp;&nbsp;&nbsp;&nbsp;&nbsp;&nbsp;Prix 2010&nbsp;:&nbsp;Moridja Kitenge Banza&nbsp;&nbsp;(R\u00e9publique D\u00e9mocratique du Congo)<\/p>\n\n\n\n<p>\u00b7&nbsp;&nbsp;&nbsp;&nbsp;&nbsp;&nbsp;&nbsp;&nbsp;&nbsp;Prix 2012&nbsp;: Younes Baba Ali (Maroc)<\/p>\n\n\n\n<p>\u00b7&nbsp;&nbsp;&nbsp;&nbsp;&nbsp;&nbsp;&nbsp;&nbsp;&nbsp;Prix 2014&nbsp;: Driss Ouadhahi (Alg\u00e9rie) et Olu Amoda (Nig\u00e9ria)<\/p>\n\n\n\n<p>\u00b7&nbsp;&nbsp;&nbsp;&nbsp;&nbsp;&nbsp;&nbsp;&nbsp;&nbsp;Prix 2016&nbsp;: Youssef Limoud (Egypte)<\/p>\n\n\n\n<p>\u00b7&nbsp;&nbsp;&nbsp;&nbsp;&nbsp;&nbsp;&nbsp;&nbsp;&nbsp;Prix 2018&nbsp;: Laeila Adjovi (B\u00e9nin)<\/p>\n","protected":false},"excerpt":{"rendered":"<p>Biennale de l\u2019art africain contemporain (Dak\u2019Art) Institu\u00e9e par l\u2019\u00c9tat du S\u00e9n\u00e9gal depuis 1989 avec une premi\u00e8re \u00e9dition d\u00e9di\u00e9e \u00e0 la litt\u00e9rature en 1990, elle est r\u00e9serv\u00e9e \u00e0 l\u2019art contemporain lors de la deuxi\u00e8me \u00e9dition en 1992 avant d\u2019\u00eatre d\u00e9finitivement consacr\u00e9e \u00e0 la cr\u00e9ation africaine contemporaine \u00e0 partir de 1996. La biennale de Dakar est \u00e0 [&hellip;]<\/p>\n","protected":false},"author":1,"featured_media":0,"parent":0,"menu_order":0,"comment_status":"closed","ping_status":"closed","template":"","meta":{"ngg_post_thumbnail":0},"_links":{"self":[{"href":"https:\/\/www.culture.gouv.sn\/index.php\/wp-json\/wp\/v2\/pages\/10178"}],"collection":[{"href":"https:\/\/www.culture.gouv.sn\/index.php\/wp-json\/wp\/v2\/pages"}],"about":[{"href":"https:\/\/www.culture.gouv.sn\/index.php\/wp-json\/wp\/v2\/types\/page"}],"author":[{"embeddable":true,"href":"https:\/\/www.culture.gouv.sn\/index.php\/wp-json\/wp\/v2\/users\/1"}],"replies":[{"embeddable":true,"href":"https:\/\/www.culture.gouv.sn\/index.php\/wp-json\/wp\/v2\/comments?post=10178"}],"version-history":[{"count":2,"href":"https:\/\/www.culture.gouv.sn\/index.php\/wp-json\/wp\/v2\/pages\/10178\/revisions"}],"predecessor-version":[{"id":12062,"href":"https:\/\/www.culture.gouv.sn\/index.php\/wp-json\/wp\/v2\/pages\/10178\/revisions\/12062"}],"wp:attachment":[{"href":"https:\/\/www.culture.gouv.sn\/index.php\/wp-json\/wp\/v2\/media?parent=10178"}],"curies":[{"name":"wp","href":"https:\/\/api.w.org\/{rel}","templated":true}]}}