{"id":5671,"date":"2019-08-01T09:46:53","date_gmt":"2019-08-01T09:46:53","guid":{"rendered":"http:\/\/www.cultureetcommunication.sn\/?page_id=5671"},"modified":"2020-01-19T19:34:57","modified_gmt":"2020-01-19T19:34:57","slug":"direction-du-patrimoine-culturel","status":"publish","type":"page","link":"https:\/\/www.culture.gouv.sn\/index.php\/direction-du-patrimoine-culturel\/","title":{"rendered":"LA DIRECTION DU PATRIMOINE CULTUREL"},"content":{"rendered":"<div id=\"pl-5671\"  class=\"panel-layout\" ><div id=\"pg-5671-0\"  class=\"panel-grid panel-no-style\" ><div id=\"pgc-5671-0-0\"  class=\"panel-grid-cell\" ><div id=\"panel-5671-0-0-0\" class=\"so-panel widget widget_text panel-first-child\" data-index=\"0\" ><h3 class=\"widget-title\">Pr\u00e9sentation<\/h3>\t\t\t<div class=\"textwidget\"><p>La Direction du Patrimoine Culturel cr\u00e9e par le d\u00e9cret n\u00b070-093 du\u00a0<em>27 janvier 1970<\/em>\u00a0est l\u2019op\u00e9rateur strat\u00e9gique de la politique de sauvegarde, de conservation et de valorisation du patrimoine culturel du pays.<\/p>\n<\/div>\n\t\t<\/div><div id=\"panel-5671-0-0-1\" class=\"so-panel widget widget_text\" data-index=\"1\" ><h3 class=\"widget-title\">Missions<\/h3>\t\t\t<div class=\"textwidget\"><ul>\n<li>Les missions de la direction du Patrimoine Culturel concernent essentiellement\u00a0:<\/li>\n<li>le recensement et le classement des sites et monuments historiques\u00a0;<\/li>\n<li>la restauration et la r\u00e9habilitation des sites et monuments historiques\u00a0;<\/li>\n<li>l\u2019acquisition et la gestion de la collection du Domaine Priv\u00e9 artistique de l\u2019\u00c9tat\u00a0;<\/li>\n<li>la r\u00e9alisation et le d\u00e9veloppement de Mus\u00e9es publics.<\/li>\n<\/ul>\n<\/div>\n\t\t<\/div><div id=\"panel-5671-0-0-2\" class=\"so-panel widget widget_text panel-last-child\" data-index=\"2\" ><h3 class=\"widget-title\">Activit\u00e9s Principales<\/h3>\t\t\t<div class=\"textwidget\"><ul>\n<li>la r\u00e9alisation d\u2019inventaires des sites et monuments historiques<\/li>\n<\/ul>\n<ul>\n<li>la num\u00e9risation des archives culturelles<\/li>\n<li>la restauration des b\u00e2timents du patrimoine immobilier<\/li>\n<li>L\u2019organisation des Journ\u00e9es Nationales du Patrimoine.<\/li>\n<\/ul>\n<\/div>\n\t\t<\/div><\/div><\/div><\/div>","protected":false},"excerpt":{"rendered":"<p>La Direction du Patrimoine Culturel cr\u00e9e par le d\u00e9cret n\u00b070-093 du\u00a027 janvier 1970\u00a0est l\u2019op\u00e9rateur strat\u00e9gique de la politique de sauvegarde, de conservation et de valorisation du patrimoine culturel du pays. Les missions de la direction du Patrimoine Culturel concernent essentiellement\u00a0: le recensement et le classement des sites et monuments historiques\u00a0; la restauration et la r\u00e9habilitation [&hellip;]<\/p>\n","protected":false},"author":1,"featured_media":0,"parent":0,"menu_order":0,"comment_status":"closed","ping_status":"closed","template":"","meta":{"ngg_post_thumbnail":0},"_links":{"self":[{"href":"https:\/\/www.culture.gouv.sn\/index.php\/wp-json\/wp\/v2\/pages\/5671"}],"collection":[{"href":"https:\/\/www.culture.gouv.sn\/index.php\/wp-json\/wp\/v2\/pages"}],"about":[{"href":"https:\/\/www.culture.gouv.sn\/index.php\/wp-json\/wp\/v2\/types\/page"}],"author":[{"embeddable":true,"href":"https:\/\/www.culture.gouv.sn\/index.php\/wp-json\/wp\/v2\/users\/1"}],"replies":[{"embeddable":true,"href":"https:\/\/www.culture.gouv.sn\/index.php\/wp-json\/wp\/v2\/comments?post=5671"}],"version-history":[{"count":3,"href":"https:\/\/www.culture.gouv.sn\/index.php\/wp-json\/wp\/v2\/pages\/5671\/revisions"}],"predecessor-version":[{"id":8859,"href":"https:\/\/www.culture.gouv.sn\/index.php\/wp-json\/wp\/v2\/pages\/5671\/revisions\/8859"}],"wp:attachment":[{"href":"https:\/\/www.culture.gouv.sn\/index.php\/wp-json\/wp\/v2\/media?parent=5671"}],"curies":[{"name":"wp","href":"https:\/\/api.w.org\/{rel}","templated":true}]}}