{"id":5677,"date":"2019-08-01T09:58:44","date_gmt":"2019-08-01T09:58:44","guid":{"rendered":"http:\/\/www.cultureetcommunication.sn\/?page_id=5677"},"modified":"2020-01-19T19:40:55","modified_gmt":"2020-01-19T19:40:55","slug":"directions-du-livre-et-de-la-lecture","status":"publish","type":"page","link":"https:\/\/www.culture.gouv.sn\/index.php\/directions-du-livre-et-de-la-lecture\/","title":{"rendered":"LA DIRECTION DU LIVRE ET DE LA LECTURE"},"content":{"rendered":"<div id=\"pl-5677\"  class=\"panel-layout\" ><div id=\"pg-5677-0\"  class=\"panel-grid panel-no-style\" ><div id=\"pgc-5677-0-0\"  class=\"panel-grid-cell\" ><div id=\"panel-5677-0-0-0\" class=\"so-panel widget widget_text panel-first-child\" data-index=\"0\" ><h3 class=\"widget-title\">Pr\u00e9sentation<\/h3>\t\t\t<div class=\"textwidget\"><p>La Direction du livre et de la lecture est charg\u00e9e d\u2019\u00e9tudier toutes les questions relatives \u00e0 la cr\u00e9ation, \u00e0 l\u2019\u00e9dition, \u00e0 l\u2019impression, \u00e0 la diffusion, et \u00e0 la distribution commerciale du livre.<\/p>\n<\/div>\n\t\t<\/div><div id=\"panel-5677-0-0-1\" class=\"so-panel widget widget_text\" data-index=\"1\" ><h3 class=\"widget-title\">Missions<\/h3>\t\t\t<div class=\"textwidget\"><p>Les missions de la direction du Livre\u00a0 s\u2019inscrivent dans le cadre de\u00a0:<\/p>\n<ul>\n<li>la promotion du livre et de la lecture\u00a0et \u0153uvrer pour la promotion des \u00e9crivains s\u00e9n\u00e9galais et de leurs \u0153uvres\u00a0;<\/li>\n<li>l\u2019appui au d\u00e9veloppement des publications en langues nationales\u00a0;<\/li>\n<li>la promotion de la formation et le renforcement des capacit\u00e9s\u00a0 des professionnels aux m\u00e9tiers du livre\u00a0;<\/li>\n<li>la coordination du R\u00e9seau National des biblioth\u00e8ques publiques et le d\u00e9veloppement des\u00a0 Centres de Lecture et d\u2019Animation Culturelle (CLAC)<\/li>\n<\/ul>\n<\/div>\n\t\t<\/div><div id=\"panel-5677-0-0-2\" class=\"so-panel widget widget_text panel-last-child\" data-index=\"2\" ><h3 class=\"widget-title\">Activit\u00e9s principales<\/h3>\t\t\t<div class=\"textwidget\"><ul>\n<li>Organisations d\u2019\u00e9v\u00e8nements nationaux\u00a0 et internationaux pour la promotion du livre\u00a0: FILDAK, Journ\u00e9e mondiale du livre, rencontres litt\u00e9raires, etc.<\/li>\n<li>Participation aux foires et salons du livre organis\u00e9s \u00e0 l\u2019\u00e9tranger\u00a0;<\/li>\n<li>Soutien aux initiatives priv\u00e9es pour la mise en place de biblioth\u00e8ques<\/li>\n<li>Collecte et conservation de \u00a0la production \u00e9ditoriale nationale\u00a0; Financement et suivi des \u00a0projets d\u2019\u00e9dition, de co-\u00e9dition et de traduction pr\u00e9sent\u00e9s par des \u00e9crivains et des \u00e9diteurs\u00a0;<\/li>\n<li>Appui technique et mat\u00e9riel biblioth\u00e8ques publiques.<\/li>\n<\/ul>\n<\/div>\n\t\t<\/div><\/div><\/div><\/div>","protected":false},"excerpt":{"rendered":"<p>La Direction du livre et de la lecture est charg\u00e9e d\u2019\u00e9tudier toutes les questions relatives \u00e0 la cr\u00e9ation, \u00e0 l\u2019\u00e9dition, \u00e0 l\u2019impression, \u00e0 la diffusion, et \u00e0 la distribution commerciale du livre. Les missions de la direction du Livre\u00a0 s\u2019inscrivent dans le cadre de\u00a0: la promotion du livre et de la lecture\u00a0et \u0153uvrer pour la [&hellip;]<\/p>\n","protected":false},"author":1,"featured_media":0,"parent":0,"menu_order":0,"comment_status":"closed","ping_status":"closed","template":"","meta":{"ngg_post_thumbnail":0},"_links":{"self":[{"href":"https:\/\/www.culture.gouv.sn\/index.php\/wp-json\/wp\/v2\/pages\/5677"}],"collection":[{"href":"https:\/\/www.culture.gouv.sn\/index.php\/wp-json\/wp\/v2\/pages"}],"about":[{"href":"https:\/\/www.culture.gouv.sn\/index.php\/wp-json\/wp\/v2\/types\/page"}],"author":[{"embeddable":true,"href":"https:\/\/www.culture.gouv.sn\/index.php\/wp-json\/wp\/v2\/users\/1"}],"replies":[{"embeddable":true,"href":"https:\/\/www.culture.gouv.sn\/index.php\/wp-json\/wp\/v2\/comments?post=5677"}],"version-history":[{"count":3,"href":"https:\/\/www.culture.gouv.sn\/index.php\/wp-json\/wp\/v2\/pages\/5677\/revisions"}],"predecessor-version":[{"id":8865,"href":"https:\/\/www.culture.gouv.sn\/index.php\/wp-json\/wp\/v2\/pages\/5677\/revisions\/8865"}],"wp:attachment":[{"href":"https:\/\/www.culture.gouv.sn\/index.php\/wp-json\/wp\/v2\/media?parent=5677"}],"curies":[{"name":"wp","href":"https:\/\/api.w.org\/{rel}","templated":true}]}}