{"id":5681,"date":"2019-08-01T12:07:15","date_gmt":"2019-08-01T12:07:15","guid":{"rendered":"http:\/\/www.cultureetcommunication.sn\/?page_id=5681"},"modified":"2019-08-01T12:14:44","modified_gmt":"2019-08-01T12:14:44","slug":"lecole-nationale-des-arts","status":"publish","type":"page","link":"https:\/\/www.culture.gouv.sn\/index.php\/lecole-nationale-des-arts\/","title":{"rendered":"L\u2019Ecole Nationale des Arts"},"content":{"rendered":"<div id=\"pl-5681\"  class=\"panel-layout\" ><div id=\"pg-5681-0\"  class=\"panel-grid panel-no-style\" ><div id=\"pgc-5681-0-0\"  class=\"panel-grid-cell\" ><div id=\"panel-5681-0-0-0\" class=\"so-panel widget widget_text panel-first-child\" data-index=\"0\" ><h3 class=\"widget-title\">Pr\u00e9sentation<\/h3>\t\t\t<div class=\"textwidget\"><p>Cr\u00e9\u00e9e par d\u00e9cret 95-936 du 10 octobre 1995, l\u2019Ecole Nationale des Arts est n\u00e9e<\/p>\n<p>De la fusion de quatre (04) \u00e9coles de formation :<\/p>\n<ul>\n<li>Ecole Normale Sup\u00e9rieure d\u2019Education Artistique (ENSEA) ;<\/li>\n<li>Ecole Nationale des Beaux-arts (ENBA) ;<\/li>\n<li>Conservatoire National de Musique de Danse et d\u2019Art Dramatique (CNMDAD)<\/li>\n<\/ul>\n<p>Institut de Coupe, Couture et de Mode (ICCM).<\/p>\n<\/div>\n\t\t<\/div><div id=\"panel-5681-0-0-1\" class=\"so-panel widget widget_text\" data-index=\"1\" ><h3 class=\"widget-title\">Missions et objectifs \u00a0<\/h3>\t\t\t<div class=\"textwidget\"><p>L&rsquo;\u00c9cole Nationale des Arts est un \u00e9tablissement d\u2019enseignement professionnel moyen, secondaire et sup\u00e9rieur qui a pour vocation principale d\u2019assurer une formation acad\u00e9mique dans les domaines des Arts Sc\u00e9niques, des Arts Plastiques et de l\u2019Animation Culturelle.<\/p>\n<\/div>\n\t\t<\/div><div id=\"panel-5681-0-0-2\" class=\"so-panel widget widget_text\" data-index=\"2\" ><h3 class=\"widget-title\">Organisation<\/h3>\t\t\t<div class=\"textwidget\"><p>L&rsquo;\u00c9cole Nationale des Arts assure \u00e9galement la formation des Agents de l&rsquo;\u00c9tat du secteur priv\u00e9 et des \u00e9trangers organisation de stages de s\u00e9minaire de recyclage et de perfectionnement. L\u2019ENA est le principal outil par lequel l&rsquo;\u00c9tat du S\u00e9n\u00e9gal assure\u00a0 la promotion de la recherche et de la formation dans le domaine artistique et culturel.<\/p>\n<p>Ainsi l\u2019ENA est compos\u00e9e de trois (03) d\u00e9partements :<\/p>\n<ul>\n<li>Le D\u00e9partement de Formation de Formateurs d\u2019Animation Culturelle et de Recherche (DFFACR) ;<\/li>\n<li>Le D\u00e9partement des Arts Plastiques (DAP) ;<\/li>\n<li>Le D\u00e9partement des Arts Sc\u00e9niques (DASC)<\/li>\n<\/ul>\n<\/div>\n\t\t<\/div><div id=\"panel-5681-0-0-3\" class=\"so-panel widget widget_text panel-last-child\" data-index=\"3\" ><h3 class=\"widget-title\">Contact<\/h3>\t\t\t<div class=\"textwidget\"><h3>Adresse<\/h3>\n<p>Zone Nord Liberte VI (Direction) et Zone Liberte 6 Extension \/ VDN (Campus p\u00e9dagogique)<br \/>\n<a href=\"http:\/\/www.ecolenationaledesarts.sn\/contact-plan1.pdf\">Plan d&rsquo;acc\u00e8s n\u00b01<\/a> \u2022 <a href=\"http:\/\/www.ecolenationaledesarts.sn\/contact-plan2.pdf\">Plan d&rsquo;acc\u00e8s n\u00b02<\/a><\/p>\n<h3>Adresse \u00e9lectronique<\/h3>\n<p><a href=\"mailto:ecolenationale.arts@culture.gouv.sn\">ecolenationale.arts@culture.gouv.sn<\/a>, <a href=\"mailto:ecolenationale.arts@gmail.com\">ecolenationale.arts@gmail.com<\/a><\/p>\n<h3>T\u00e9l\u00e9phones<\/h3>\n<p>(221) 33 867 38 96 et (221) 867 39 05<\/p>\n<h3>Site web<\/h3>\n<p><a href=\"http:\/\/www.ecolenationaledesarts.sn\/\">Ecole Nationale des Arts<\/a><\/p>\n<\/div>\n\t\t<\/div><\/div><\/div><\/div>","protected":false},"excerpt":{"rendered":"<p>Cr\u00e9\u00e9e par d\u00e9cret 95-936 du 10 octobre 1995, l\u2019Ecole Nationale des Arts est n\u00e9e De la fusion de quatre (04) \u00e9coles de formation : Ecole Normale Sup\u00e9rieure d\u2019Education Artistique (ENSEA) ; Ecole Nationale des Beaux-arts (ENBA) ; Conservatoire National de Musique de Danse et d\u2019Art Dramatique (CNMDAD) Institut de Coupe, Couture et de Mode (ICCM).<\/p>\n","protected":false},"author":1,"featured_media":5686,"parent":0,"menu_order":0,"comment_status":"closed","ping_status":"closed","template":"","meta":{"ngg_post_thumbnail":0},"_links":{"self":[{"href":"https:\/\/www.culture.gouv.sn\/index.php\/wp-json\/wp\/v2\/pages\/5681"}],"collection":[{"href":"https:\/\/www.culture.gouv.sn\/index.php\/wp-json\/wp\/v2\/pages"}],"about":[{"href":"https:\/\/www.culture.gouv.sn\/index.php\/wp-json\/wp\/v2\/types\/page"}],"author":[{"embeddable":true,"href":"https:\/\/www.culture.gouv.sn\/index.php\/wp-json\/wp\/v2\/users\/1"}],"replies":[{"embeddable":true,"href":"https:\/\/www.culture.gouv.sn\/index.php\/wp-json\/wp\/v2\/comments?post=5681"}],"version-history":[{"count":4,"href":"https:\/\/www.culture.gouv.sn\/index.php\/wp-json\/wp\/v2\/pages\/5681\/revisions"}],"predecessor-version":[{"id":5685,"href":"https:\/\/www.culture.gouv.sn\/index.php\/wp-json\/wp\/v2\/pages\/5681\/revisions\/5685"}],"wp:featuredmedia":[{"embeddable":true,"href":"https:\/\/www.culture.gouv.sn\/index.php\/wp-json\/wp\/v2\/media\/5686"}],"wp:attachment":[{"href":"https:\/\/www.culture.gouv.sn\/index.php\/wp-json\/wp\/v2\/media?parent=5681"}],"curies":[{"name":"wp","href":"https:\/\/api.w.org\/{rel}","templated":true}]}}