{"id":5704,"date":"2019-08-01T13:04:21","date_gmt":"2019-08-01T13:04:21","guid":{"rendered":"http:\/\/www.cultureetcommunication.sn\/?page_id=5704"},"modified":"2019-08-01T13:04:21","modified_gmt":"2019-08-01T13:04:21","slug":"orchestre-national","status":"publish","type":"page","link":"https:\/\/www.culture.gouv.sn\/index.php\/orchestre-national\/","title":{"rendered":"Orchestre national"},"content":{"rendered":"<div id=\"pl-5704\"  class=\"panel-layout\" ><div id=\"pg-5704-0\"  class=\"panel-grid panel-no-style\" ><div id=\"pgc-5704-0-0\"  class=\"panel-grid-cell\" ><div id=\"panel-5704-0-0-0\" class=\"so-panel widget widget_text panel-first-child\" data-index=\"0\" ><h3 class=\"widget-title\">Pr\u00e9sentation<\/h3>\t\t\t<div class=\"textwidget\"><p>L\u2019orchestre National du S\u00e9n\u00e9gal \u00e9t\u00e9 cr\u00e9\u00e9 sur instruction de Monsieur le Pr\u00e9sident de la r\u00e9publique en 1982, c\u2019est un service rattach\u00e9 au Cabinet du Minist\u00e8re de la Culture.<\/p>\n<p>L\u2019orchestre est compos\u00e9 aujourd\u2019hui d\u2019un effectif de 30 agents dont 22 musiciens, 3 techniciens de son et d\u2019\u00e9clairage, un coordonnateur, un charg\u00e9 de production, un agent d\u2019administration, un veilleur et un directeur.<\/p>\n<p>L\u2019orchestre est compos\u00e9 de 4 sections\u00a0:<\/p>\n<p>&#8211;\u00a0\u00a0\u00a0\u00a0\u00a0\u00a0\u00a0\u00a0\u00a0 <strong>L\u2019Atelier Musical (AMON)<\/strong>, qui propose une musique instrumentale \u00e0 partir d\u2019une fusion d\u2019instruments traditionnels et modernes, en s\u2019inspirant du r\u00e9pertoire de la musique traditionnelle s\u00e9n\u00e9galaise dans toute sa diversit\u00e9.<\/p>\n<p>&#8211;\u00a0\u00a0\u00a0\u00a0\u00a0\u00a0\u00a0\u00a0\u00a0 <strong>La Section \u00ab\u00a0Vari\u00e9t\u00e9s internationales\u00a0\u00bb<\/strong> , constitu\u00e9 de compositions de l\u2019orchestre proprement dit, de vedettes nationales et internationales ayant \u00e9t\u00e9 accompagn\u00e9es par l\u2019orchestre ainsi que le r\u00e9pertoire obtenu \u00e0 partir des r\u00e9sidences et \u00e9changes artistiques r\u00e9alis\u00e9s avec les musiciens des pays amis du S\u00e9n\u00e9gal.<\/p>\n<p>&#8211;\u00a0\u00a0\u00a0\u00a0\u00a0\u00a0\u00a0\u00a0\u00a0 <strong>La Section Jazz (Jazz ON)<\/strong>, s\u2019inspire fortement du patrimoine musical s\u00e9n\u00e9galais mais exploite \u00e9galement des standards en mettant en avant les instruments traditionnels s\u00e9n\u00e9galais<\/p>\n<p>&#8211;\u00a0\u00a0\u00a0\u00a0\u00a0\u00a0\u00a0\u00a0\u00a0 <strong>La section \u00ab\u00a0Vari\u00e9t\u00e9s locales\u00a0\u00bb<\/strong>, qui propose une musique d\u2019ambiance en exploitant le folklore des diff\u00e9rentes ethnies du S\u00e9n\u00e9gal.<\/p>\n<\/div>\n\t\t<\/div><div id=\"panel-5704-0-0-1\" class=\"so-panel widget widget_text\" data-index=\"1\" ><h3 class=\"widget-title\">Missions<\/h3>\t\t\t<div class=\"textwidget\"><p>Ses missions consistent \u00e0\u00a0:<\/p>\n<p>&#8211;\u00a0\u00a0\u00a0\u00a0\u00a0\u00a0\u00a0\u00a0\u00a0 Contribuer \u00e0 la valorisation du patrimoine musical s\u00e9n\u00e9galais<\/p>\n<p>&#8211;\u00a0\u00a0\u00a0\u00a0\u00a0\u00a0\u00a0\u00a0\u00a0 Accompagner toutes les grandes vedettes se produisant au S\u00e9n\u00e9gal qui le souhaitent.<\/p>\n<p>&#8211;\u00a0\u00a0\u00a0\u00a0\u00a0\u00a0\u00a0\u00a0\u00a0 Animer les soir\u00e9es de gala ou r\u00e9ception pr\u00e9sid\u00e9es par le Chef de l\u2019Etat.<\/p>\n<p>&#8211;\u00a0\u00a0\u00a0\u00a0\u00a0\u00a0\u00a0\u00a0\u00a0 Appuyer et soutenir les jeunes talents qui, dans le cadre des d\u00e9couvertes, ont besoin d\u2019\u00eatre encadr\u00e9s au plan national.<\/p>\n<p>Entre 2010 et 2012, l\u2019orchestre a r\u00e9alis\u00e9 quatre productions phonographiques\u00a0:<\/p>\n<p>&#8211;\u00a0\u00a0\u00a0\u00a0\u00a0\u00a0\u00a0\u00a0\u00a0 Xew Xew ci S\u00e9n\u00e9gal (Novembre 2010)<\/p>\n<p>&#8211;\u00a0\u00a0\u00a0\u00a0\u00a0\u00a0\u00a0\u00a0\u00a0 Woote Jamm (Juillet 2011)<\/p>\n<p>&#8211;\u00a0\u00a0\u00a0\u00a0\u00a0\u00a0\u00a0\u00a0\u00a0 Mbaar (Octobre 2012)<\/p>\n<p>&#8211;\u00a0\u00a0\u00a0\u00a0\u00a0\u00a0\u00a0\u00a0\u00a0 Salsa de la T\u00e9ranga (octobre 2012)<\/p>\n<p>Au Niveau national, beaucoup d\u2019efforts sont entrepris en vue de participer \u00e0 tous les \u00e9v\u00e8nements de grande envergure initi\u00e9s par l\u2019Etat ou les op\u00e9rateurs priv\u00e9s.<\/p>\n<p>A titre d\u2019exemples, on peut citer\u00a0:<\/p>\n<p>&#8211;\u00a0\u00a0\u00a0\u00a0\u00a0\u00a0\u00a0\u00a0\u00a0 Le festival International Jazz \u00e0 Dakar<\/p>\n<p>&#8211;\u00a0\u00a0\u00a0\u00a0\u00a0\u00a0\u00a0\u00a0\u00a0 Le Festival Mondial des Arts N\u00e8gres<\/p>\n<p>&#8211;\u00a0\u00a0\u00a0\u00a0\u00a0\u00a0\u00a0\u00a0\u00a0 Le Festival Salam Music Expo<\/p>\n<p>&#8211;\u00a0\u00a0\u00a0\u00a0\u00a0\u00a0\u00a0\u00a0\u00a0 Le Saint- louis Jazz<\/p>\n<p>&#8211;\u00a0\u00a0\u00a0\u00a0\u00a0\u00a0\u00a0\u00a0\u00a0 Le Gala du Sommet Africit\u00e9s<\/p>\n<\/div>\n\t\t<\/div><div id=\"panel-5704-0-0-2\" class=\"so-panel widget widget_text panel-last-child\" data-index=\"2\" ><h3 class=\"widget-title\">Contact<\/h3>\t\t\t<div class=\"textwidget\"><h3>Adresse<\/h3>\n<p>Point E, Rue 5 Avenue Birago DIOP &#8211; BP\u00a0: 401 Dakar S\u00e9n\u00e9gal<\/p>\n<h3>Si\u00e8ge<\/h3>\n<p>Maison de la Culture Douta SECK<\/p>\n<h3>T\u00e9l\u00e9phones<\/h3>\n<p>00221 33825 44 91<\/p>\n<p>&nbsp;<\/p>\n<\/div>\n\t\t<\/div><\/div><\/div><\/div>","protected":false},"excerpt":{"rendered":"<p>L\u2019orchestre National du S\u00e9n\u00e9gal \u00e9t\u00e9 cr\u00e9\u00e9 sur instruction de Monsieur le Pr\u00e9sident de la r\u00e9publique en 1982, c\u2019est un service rattach\u00e9 au Cabinet du Minist\u00e8re de la Culture. L\u2019orchestre est compos\u00e9 aujourd\u2019hui d\u2019un effectif de 30 agents dont 22 musiciens, 3 techniciens de son et d\u2019\u00e9clairage, un coordonnateur, un charg\u00e9 de production, un agent d\u2019administration, [&hellip;]<\/p>\n","protected":false},"author":1,"featured_media":0,"parent":0,"menu_order":0,"comment_status":"closed","ping_status":"closed","template":"","meta":{"ngg_post_thumbnail":0},"_links":{"self":[{"href":"https:\/\/www.culture.gouv.sn\/index.php\/wp-json\/wp\/v2\/pages\/5704"}],"collection":[{"href":"https:\/\/www.culture.gouv.sn\/index.php\/wp-json\/wp\/v2\/pages"}],"about":[{"href":"https:\/\/www.culture.gouv.sn\/index.php\/wp-json\/wp\/v2\/types\/page"}],"author":[{"embeddable":true,"href":"https:\/\/www.culture.gouv.sn\/index.php\/wp-json\/wp\/v2\/users\/1"}],"replies":[{"embeddable":true,"href":"https:\/\/www.culture.gouv.sn\/index.php\/wp-json\/wp\/v2\/comments?post=5704"}],"version-history":[{"count":1,"href":"https:\/\/www.culture.gouv.sn\/index.php\/wp-json\/wp\/v2\/pages\/5704\/revisions"}],"predecessor-version":[{"id":5705,"href":"https:\/\/www.culture.gouv.sn\/index.php\/wp-json\/wp\/v2\/pages\/5704\/revisions\/5705"}],"wp:attachment":[{"href":"https:\/\/www.culture.gouv.sn\/index.php\/wp-json\/wp\/v2\/media?parent=5704"}],"curies":[{"name":"wp","href":"https:\/\/api.w.org\/{rel}","templated":true}]}}