{"id":5745,"date":"2019-08-02T09:40:09","date_gmt":"2019-08-02T09:40:09","guid":{"rendered":"http:\/\/www.cultureetcommunication.sn\/?page_id=5745"},"modified":"2019-08-02T10:34:27","modified_gmt":"2019-08-02T10:34:27","slug":"organisation","status":"publish","type":"page","link":"https:\/\/www.culture.gouv.sn\/index.php\/organisation\/","title":{"rendered":"Organisation"},"content":{"rendered":"<div id=\"pl-gb5745-6a00a6fc3c124\"  class=\"panel-layout\" ><div id=\"pg-gb5745-6a00a6fc3c124-0\"  class=\"panel-grid panel-no-style\" ><div id=\"pgc-gb5745-6a00a6fc3c124-0-0\"  class=\"panel-grid-cell\" ><div id=\"panel-gb5745-6a00a6fc3c124-0-0-0\" class=\"so-panel widget widget_text panel-first-child panel-last-child\" data-index=\"0\" ><h3 class=\"widget-title\">Cabinet et services rattach\u00e9s<\/h3>\t\t\t<div class=\"textwidget\"><ul>\n<li><a href=\"http:\/\/www.cultureetcommunication.sn\/index.php\/linspection-interne\/\"><span style=\"font-size: 10.5pt; font-family: 'Abel',serif; color: black;\">Inspection interne ;<\/span><\/a><\/li>\n<li><span style=\"font-size: 10.5pt; font-family: 'Abel',serif; color: black;\">Bureau de l\u2019Architecture et des Monuments historiques ; <\/span><\/li>\n<li><a href=\"http:\/\/www.cultureetcommunication.sn\/index.php\/service-des-relations-publiques-et-de-la-documentation\/\"><span style=\"font-size: 10.5pt; font-family: 'Abel',serif; color: black;\">Services des Relations Publiques et de la Documentation<\/span><\/a><\/li>\n<li><span style=\"font-size: 10.5pt; font-family: 'Abel',serif; color: black;\">Projet du Parc culturel.<\/span><\/li>\n<\/ul>\n<\/div>\n\t\t<\/div><\/div><div id=\"pgc-gb5745-6a00a6fc3c124-0-1\"  class=\"panel-grid-cell\" ><div id=\"panel-gb5745-6a00a6fc3c124-0-1-0\" class=\"so-panel widget widget_text panel-first-child panel-last-child\" data-index=\"1\" ><h3 class=\"widget-title\">Secr\u00e9tariat g\u00e9n\u00e9ral et services rattach\u00e9s<\/h3>\t\t\t<div class=\"textwidget\"><ul>\n<li class=\"rtejustify\" style=\"background: white none repeat scroll 0% 0%;\"><span style=\"font-size: 10.5pt; font-family: 'Abel',serif; color: black;\">Cellule de Passation des March\u00e9s publics ;<\/span><\/li>\n<li class=\"rtejustify\" style=\"background: white none repeat scroll 0% 0%;\"><a href=\"http:\/\/www.cultureetcommunication.sn\/index.php\/cellule-des-etudes-et-de-la-planification\/\"><span style=\"font-size: 10.5pt; font-family: 'Abel',serif; color: black;\">Cellule des \u00c9tudes et de Planification ;<\/span><\/a><\/li>\n<li class=\"rtejustify\" style=\"background: white none repeat scroll 0% 0%;\"><span style=\"font-size: 10.5pt; font-family: 'Abel',serif; color: black;\">Cellule des Affaires juridiques ;<\/span><\/li>\n<li class=\"rtejustify\" style=\"background: white none repeat scroll 0% 0%;\"><span style=\"font-size: 10.5pt; font-family: 'Abel',serif; color: black;\">Cellule Genre ; <\/span><\/li>\n<li class=\"rtejustify\" style=\"background: white none repeat scroll 0% 0%;\"><span style=\"font-size: 10.5pt; font-family: 'Abel',serif; color: black;\">Bureau du Courrier commun.<\/span><\/li>\n<\/ul>\n<\/div>\n\t\t<\/div><\/div><\/div><div id=\"pg-gb5745-6a00a6fc3c124-1\"  class=\"panel-grid panel-no-style\" ><div id=\"pgc-gb5745-6a00a6fc3c124-1-0\"  class=\"panel-grid-cell\" ><div id=\"panel-gb5745-6a00a6fc3c124-1-0-0\" class=\"so-panel widget widget_text panel-first-child panel-last-child\" data-index=\"2\" ><h3 class=\"widget-title\">Directions<\/h3>\t\t\t<div class=\"textwidget\"><ul>\n<li class=\"rtejustify\" style=\"background: white none repeat scroll 0% 0%;\"><a href=\"http:\/\/www.cultureetcommunication.sn\/index.php\/direction-des-arts\/\"><span style=\"font-size: 10.5pt; font-family: 'Abel',serif; color: black;\">Direction des Arts ;<\/span><\/a><\/li>\n<li class=\"rtejustify\" style=\"background: white none repeat scroll 0% 0%;\"><a href=\"http:\/\/www.cultureetcommunication.sn\/index.php\/directions-du-livre-et-de-la-lecture\/\"><span style=\"font-size: 10.5pt; font-family: 'Abel',serif; color: black;\">Direction du Livre et de la Lecture ;<\/span><\/a><\/li>\n<li class=\"rtejustify\" style=\"background: white none repeat scroll 0% 0%;\"><a href=\"http:\/\/www.cultureetcommunication.sn\/index.php\/direction-du-patrimoine-culturel\/\"><span style=\"font-size: 10.5pt; font-family: 'Abel',serif; color: black;\">Direction du Patrimoine ;<\/span><\/a><\/li>\n<li class=\"rtejustify\" style=\"background: white none repeat scroll 0% 0%;\"><a href=\"http:\/\/www.cultureetcommunication.sn\/index.php\/direction-de-la-cinematographie\/\"><span style=\"font-size: 10.5pt; font-family: 'Abel',serif; color: black;\">Direction de la Cin\u00e9matographie ;<\/span><\/a><\/li>\n<li class=\"rtejustify\" style=\"background: white none repeat scroll 0% 0%;\"><span style=\"font-size: 10.5pt; font-family: 'Abel',serif; color: black;\">Direction de la Communication ;<\/span><\/li>\n<li class=\"rtejustify\" style=\"background: white none repeat scroll 0% 0%;\"><span style=\"font-size: 10.5pt; font-family: 'Abel',serif; color: black;\"> Direction de l\u2019Administration g\u00e9n\u00e9rale et de L&rsquo;\u00c9quipement.<\/span><\/li>\n<\/ul>\n<\/div>\n\t\t<\/div><\/div><div id=\"pgc-gb5745-6a00a6fc3c124-1-1\"  class=\"panel-grid-cell\" ><div id=\"panel-gb5745-6a00a6fc3c124-1-1-0\" class=\"so-panel widget widget_text panel-first-child panel-last-child\" data-index=\"3\" ><h3 class=\"widget-title\">Autres administrations<\/h3>\t\t\t<div class=\"textwidget\"><ul>\n<li class=\"rtejustify\" style=\"background: white none repeat scroll 0% 0%;\"><a href=\"http:\/\/www.cultureetcommunication.sn\/index.php\/maison-de-la-culture-douta-seck\/\"><span style=\"font-size: 10.5pt; font-family: 'Abel',serif; color: black;\">Maison de la Culture Douta Seck ;<\/span><\/a><\/li>\n<li class=\"rtejustify\" style=\"background: white none repeat scroll 0% 0%;\"><a href=\"http:\/\/www.cultureetcommunication.sn\/index.php\/orchestre-national\/\"><span style=\"font-size: 10.5pt; font-family: 'Abel',serif; color: black;\">Orchestre national du S\u00e9n\u00e9gal ;<\/span><\/a><\/li>\n<li class=\"rtejustify\" style=\"background: white none repeat scroll 0% 0%;\"><span style=\"font-size: 10.5pt; font-family: 'Abel',serif; color: black;\">Biennale de l\u2019Art africain contemporain ;<br \/>\n<\/span><\/li>\n<li class=\"rtejustify\" style=\"background: white none repeat scroll 0% 0%;\"><a href=\"http:\/\/www.cultureetcommunication.sn\/index.php\/lecole-nationale-des-arts\/\"><span style=\"font-size: 10.5pt; font-family: 'Abel',serif; color: black;\">Ecole nationale des Arts ;<\/span><\/a><\/li>\n<li class=\"rtejustify\" style=\"background: white none repeat scroll 0% 0%;\"><span style=\"font-size: 10.5pt; font-family: 'Abel',serif; color: black;\">Galerie nationale des Arts ;<\/span><\/li>\n<li class=\"rtejustify\" style=\"background: white none repeat scroll 0% 0%;\"><span style=\"font-size: 10.5pt; font-family: 'Abel',serif; color: black;\">Biblioth\u00e8que nationale du S\u00e9n\u00e9gal ;<br \/>\n<\/span><\/li>\n<li class=\"rtejustify\" style=\"background: white none repeat scroll 0% 0%;\"><span style=\"font-size: 10.5pt; font-family: 'Abel',serif; color: black;\"><a href=\"http:\/\/www.cultureetcommunication.sn\/index.php\/spectacles-sons-et-lumiere\/\">Service des Spectacles Sons et Lumi\u00e8res ;<\/a><br \/>\n<\/span><\/li>\n<li class=\"rtejustify\" style=\"background: white none repeat scroll 0% 0%;\"><span style=\"font-size: 10.5pt; font-family: 'Abel',serif; color: black;\"><a href=\"http:\/\/www.cultureetcommunication.sn\/index.php\/place-du-souvenir-africain\/\">Place du Souvenir africain ;<\/a><br \/>\n<\/span><\/li>\n<li class=\"rtejustify\" style=\"background: white none repeat scroll 0% 0%;\"><span style=\"font-size: 10.5pt; font-family: 'Abel',serif; color: black;\"><a href=\"http:\/\/www.cultureetcommunication.sn\/index.php\/monument-de-la-renaissance\/\">Monument de la Renaissance africaine ;<\/a><br \/>\n<\/span><\/li>\n<li class=\"rtejustify\" style=\"background: white none repeat scroll 0% 0%;\"><span style=\"font-size: 10.5pt; font-family: 'Abel',serif; color: black;\"><a href=\"http:\/\/www.cultureetcommunication.sn\/index.php\/festival-national-des-arts-et-cultures\/\">Festival national des Arts et Cultures (Fesnac) ;<\/a><br \/>\n<\/span><\/li>\n<li class=\"rtejustify\" style=\"background: white none repeat scroll 0% 0%;\"><a href=\"http:\/\/www.cultureetcommunication.sn\/index.php\/memorial-de-goree\/\"><span style=\"font-size: 10.5pt; font-family: 'Abel',serif; color: black;\">Commissariat du m\u00e9morial de Gor\u00e9e ;<\/span><\/a><\/li>\n<li class=\"rtejustify\" style=\"background: white none repeat scroll 0% 0%;\"><span style=\"font-size: 10.5pt; font-family: 'Abel',serif; color: black;\">Mus\u00e9e L\u00e9opold S\u00e9dar Senghor ;<\/span><\/li>\n<li class=\"rtejustify\" style=\"background: white none repeat scroll 0% 0%;\"><span style=\"font-size: 10.5pt; font-family: 'Abel',serif; color: black;\">Mus\u00e9e Boribana.<\/span><\/li>\n<\/ul>\n<\/div>\n\t\t<\/div><\/div><\/div><\/div>","protected":false},"excerpt":{"rendered":"","protected":false},"author":1,"featured_media":5268,"parent":0,"menu_order":0,"comment_status":"closed","ping_status":"closed","template":"","meta":{"ngg_post_thumbnail":0},"_links":{"self":[{"href":"https:\/\/www.culture.gouv.sn\/index.php\/wp-json\/wp\/v2\/pages\/5745"}],"collection":[{"href":"https:\/\/www.culture.gouv.sn\/index.php\/wp-json\/wp\/v2\/pages"}],"about":[{"href":"https:\/\/www.culture.gouv.sn\/index.php\/wp-json\/wp\/v2\/types\/page"}],"author":[{"embeddable":true,"href":"https:\/\/www.culture.gouv.sn\/index.php\/wp-json\/wp\/v2\/users\/1"}],"replies":[{"embeddable":true,"href":"https:\/\/www.culture.gouv.sn\/index.php\/wp-json\/wp\/v2\/comments?post=5745"}],"version-history":[{"count":26,"href":"https:\/\/www.culture.gouv.sn\/index.php\/wp-json\/wp\/v2\/pages\/5745\/revisions"}],"predecessor-version":[{"id":5778,"href":"https:\/\/www.culture.gouv.sn\/index.php\/wp-json\/wp\/v2\/pages\/5745\/revisions\/5778"}],"wp:featuredmedia":[{"embeddable":true,"href":"https:\/\/www.culture.gouv.sn\/index.php\/wp-json\/wp\/v2\/media\/5268"}],"wp:attachment":[{"href":"https:\/\/www.culture.gouv.sn\/index.php\/wp-json\/wp\/v2\/media?parent=5745"}],"curies":[{"name":"wp","href":"https:\/\/api.w.org\/{rel}","templated":true}]}}