{"id":6997,"date":"2019-10-09T23:55:32","date_gmt":"2019-10-09T23:55:32","guid":{"rendered":"http:\/\/www.cultureetcommunication.sn\/?page_id=6997"},"modified":"2019-10-09T23:58:56","modified_gmt":"2019-10-09T23:58:56","slug":"projets","status":"publish","type":"page","link":"https:\/\/www.culture.gouv.sn\/index.php\/projets\/","title":{"rendered":"Projets"},"content":{"rendered":"<div id=\"pl-6997\"  class=\"panel-layout\" ><div id=\"pg-6997-0\"  class=\"panel-grid panel-no-style\" ><div id=\"pgc-6997-0-0\"  class=\"panel-grid-cell\" ><div class=\"jelly_homepage_builder jl_nonav_margin homepage_builder_3grid_post jl_cus_grid_overlay jl_fontsize22 jl_cus_grid3  jl_hide_author jl_hide_author_img jl_hide_date\">\r\n    <div class=\"jl_wrapper_row jl-post-block-208427\"><div class=\"row\">\r\n\r\n            <div class=\"col-md-4 blog_grid_post_style jl_row_1\">\r\n                <div class=\"jl_grid_box_wrapper\">            \r\n                        <span class=\"image_grid_header_absolute\" style=\"background-image: url('https:\/\/www.culture.gouv.sn\/wp-content\/uploads\/2021\/10\/Musee-Memorial.jpg')\"><\/span>\r\n                <a href=\"https:\/\/www.culture.gouv.sn\/index.php\/2021\/10\/01\/an-20-naufrage-le-joola-en-2002-un-musee-memoire-fonctionnel-et-un-programme-consensuel\/\" class=\"link_grid_header_absolute\" title=\"An 20 naufrage Le Joola en 2002 Un\u00a0Mus\u00e9e-M\u00e9moire fonctionnel\u00a0et un\u00a0programme consensuel \u00a0\"><\/a>                            \r\n                                                                        \r\n                <div class=\"post-entry-content\">                                        \r\n                    <h3 class=\"image-post-title\"><a href=\"https:\/\/www.culture.gouv.sn\/index.php\/2021\/10\/01\/an-20-naufrage-le-joola-en-2002-un-musee-memoire-fonctionnel-et-un-programme-consensuel\/\">\r\n                            An 20 naufrage Le Joola en 2002 Un\u00a0Mus\u00e9e-M\u00e9moire fonctionnel\u00a0et un\u00a0programme consensuel \u00a0<\/a><\/h3>\r\n                            <span class=\"jl_post_meta\" itemscope=\"\" itemprop=\"author\" itemtype=\"http:\/\/schema.org\/Person\"><span class=\"jl_author_img_w\" itemprop=\"name\"><img alt='' src='https:\/\/secure.gravatar.com\/avatar\/cc0f0b940557e2eeb10cc64e4182c37a?s=30&#038;d=mm&#038;r=g' srcset='https:\/\/secure.gravatar.com\/avatar\/cc0f0b940557e2eeb10cc64e4182c37a?s=60&#038;d=mm&#038;r=g 2x' class='avatar avatar-30 photo' height='30' width='30' loading='lazy'\/><a href=\"https:\/\/www.culture.gouv.sn\/index.php\/author\/admin1326\/\" title=\"Articles par MJSC\" rel=\"author\">MJSC<\/a><\/span><span class=\"post-date\"><i class=\"fa fa-clock-o\"><\/i>1 octobre 2021<\/span><\/span><\/span>                    \r\n                <\/div>\r\n            <\/div>\r\n            <\/div>\r\n            \r\n\r\n            \r\n\r\n            <div class=\"col-md-4 blog_grid_post_style jl_row_2\">\r\n                <div class=\"jl_grid_box_wrapper\">            \r\n                        <span class=\"image_grid_header_absolute\" style=\"background-image: url('https:\/\/www.culture.gouv.sn\/wp-content\/uploads\/2021\/02\/tumblr_ncr8fcLD621tm9lnto4_r1_1280-780x450.jpg')\"><\/span>\r\n                <a href=\"https:\/\/www.culture.gouv.sn\/index.php\/2021\/02\/04\/construction-du-memorial-de-goree-le-chef-de-letat-pour-le-respect-strict-des-delais\/\" class=\"link_grid_header_absolute\" title=\"Construction du M\u00e9morial de Gor\u00e9e:  Le Chef de l\u2019Etat pour le respect strict des d\u00e9lais\"><\/a>                            \r\n                                                                        \r\n                <div class=\"post-entry-content\">                                        \r\n                    <h3 class=\"image-post-title\"><a href=\"https:\/\/www.culture.gouv.sn\/index.php\/2021\/02\/04\/construction-du-memorial-de-goree-le-chef-de-letat-pour-le-respect-strict-des-delais\/\">\r\n                            Construction du M\u00e9morial de Gor\u00e9e:  Le Chef de l\u2019Etat pour le respect strict des d\u00e9lais<\/a><\/h3>\r\n                            <span class=\"jl_post_meta\" itemscope=\"\" itemprop=\"author\" itemtype=\"http:\/\/schema.org\/Person\"><span class=\"jl_author_img_w\" itemprop=\"name\"><img alt='' src='https:\/\/secure.gravatar.com\/avatar\/cc0f0b940557e2eeb10cc64e4182c37a?s=30&#038;d=mm&#038;r=g' srcset='https:\/\/secure.gravatar.com\/avatar\/cc0f0b940557e2eeb10cc64e4182c37a?s=60&#038;d=mm&#038;r=g 2x' class='avatar avatar-30 photo' height='30' width='30' loading='lazy'\/><a href=\"https:\/\/www.culture.gouv.sn\/index.php\/author\/admin1326\/\" title=\"Articles par MJSC\" rel=\"author\">MJSC<\/a><\/span><span class=\"post-date\"><i class=\"fa fa-clock-o\"><\/i>4 f\u00e9vrier 2021<\/span><\/span><\/span>                    \r\n                <\/div>\r\n            <\/div>\r\n            <\/div>\r\n            \r\n\r\n            \r\n\r\n            <div class=\"col-md-4 blog_grid_post_style jl_row_3\">\r\n                <div class=\"jl_grid_box_wrapper\">            \r\n                        <span class=\"image_grid_header_absolute\" style=\"background-image: url('https:\/\/www.culture.gouv.sn\/wp-content\/uploads\/2020\/08\/5443789-8121492.jpg')\"><\/span>\r\n                <a href=\"https:\/\/www.culture.gouv.sn\/index.php\/2020\/08\/19\/projet-du-memorial-de-goree-en-image\/\" class=\"link_grid_header_absolute\" title=\"Projet du M\u00e9morial de Gor\u00e9e en image\"><\/a>                            \r\n                                                                        \r\n                <div class=\"post-entry-content\">                                        \r\n                    <h3 class=\"image-post-title\"><a href=\"https:\/\/www.culture.gouv.sn\/index.php\/2020\/08\/19\/projet-du-memorial-de-goree-en-image\/\">\r\n                            Projet du M\u00e9morial de Gor\u00e9e en image<\/a><\/h3>\r\n                            <span class=\"jl_post_meta\" itemscope=\"\" itemprop=\"author\" itemtype=\"http:\/\/schema.org\/Person\"><span class=\"jl_author_img_w\" itemprop=\"name\"><img alt='' src='https:\/\/secure.gravatar.com\/avatar\/cc0f0b940557e2eeb10cc64e4182c37a?s=30&#038;d=mm&#038;r=g' srcset='https:\/\/secure.gravatar.com\/avatar\/cc0f0b940557e2eeb10cc64e4182c37a?s=60&#038;d=mm&#038;r=g 2x' class='avatar avatar-30 photo' height='30' width='30' loading='lazy'\/><a href=\"https:\/\/www.culture.gouv.sn\/index.php\/author\/admin1326\/\" title=\"Articles par MJSC\" rel=\"author\">MJSC<\/a><\/span><span class=\"post-date\"><i class=\"fa fa-clock-o\"><\/i>19 ao\u00fbt 2020<\/span><\/span><\/span>                    \r\n                <\/div>\r\n            <\/div>\r\n            <\/div>\r\n            <div class=\"clear_line_3col_home\"><\/div>\r\n\r\n            \r\n\r\n            <div class=\"col-md-4 blog_grid_post_style jl_row_4\">\r\n                <div class=\"jl_grid_box_wrapper\">            \r\n                        <span class=\"image_grid_header_absolute\" style=\"background-image: url('https:\/\/www.culture.gouv.sn\/wp-content\/uploads\/2019\/08\/LOGO-MINISTERE-CC-D2-Copie-1-780x450.png')\"><\/span>\r\n                <a href=\"https:\/\/www.culture.gouv.sn\/index.php\/2019\/10\/09\/construction-des-14-complexes-culturels-regionaux\/\" class=\"link_grid_header_absolute\" title=\"Construction des 14 complexes culturels r\u00e9gionaux\"><\/a>                            \r\n                                                                        \r\n                <div class=\"post-entry-content\">                                        \r\n                    <h3 class=\"image-post-title\"><a href=\"https:\/\/www.culture.gouv.sn\/index.php\/2019\/10\/09\/construction-des-14-complexes-culturels-regionaux\/\">\r\n                            Construction des 14 complexes culturels r\u00e9gionaux<\/a><\/h3>\r\n                            <span class=\"jl_post_meta\" itemscope=\"\" itemprop=\"author\" itemtype=\"http:\/\/schema.org\/Person\"><span class=\"jl_author_img_w\" itemprop=\"name\"><img alt='' src='https:\/\/secure.gravatar.com\/avatar\/cc0f0b940557e2eeb10cc64e4182c37a?s=30&#038;d=mm&#038;r=g' srcset='https:\/\/secure.gravatar.com\/avatar\/cc0f0b940557e2eeb10cc64e4182c37a?s=60&#038;d=mm&#038;r=g 2x' class='avatar avatar-30 photo' height='30' width='30' loading='lazy'\/><a href=\"https:\/\/www.culture.gouv.sn\/index.php\/author\/admin1326\/\" title=\"Articles par MJSC\" rel=\"author\">MJSC<\/a><\/span><span class=\"post-date\"><i class=\"fa fa-clock-o\"><\/i>9 octobre 2019<\/span><\/span><\/span>                    \r\n                <\/div>\r\n            <\/div>\r\n            <\/div>\r\n            \r\n\r\n            \r\n\r\n            <div class=\"col-md-4 blog_grid_post_style jl_row_5\">\r\n                <div class=\"jl_grid_box_wrapper\">            \r\n                        <span class=\"image_grid_header_absolute\" style=\"background-image: url('https:\/\/www.culture.gouv.sn\/wp-content\/uploads\/2019\/10\/memorial.png')\"><\/span>\r\n                <a href=\"https:\/\/www.culture.gouv.sn\/index.php\/2019\/10\/09\/memorial-de-goree\/\" class=\"link_grid_header_absolute\" title=\"M\u00e9morial de Gor\u00e9e\"><\/a>                            \r\n                                                                        \r\n                <div class=\"post-entry-content\">                                        \r\n                    <h3 class=\"image-post-title\"><a href=\"https:\/\/www.culture.gouv.sn\/index.php\/2019\/10\/09\/memorial-de-goree\/\">\r\n                            M\u00e9morial de Gor\u00e9e<\/a><\/h3>\r\n                            <span class=\"jl_post_meta\" itemscope=\"\" itemprop=\"author\" itemtype=\"http:\/\/schema.org\/Person\"><span class=\"jl_author_img_w\" itemprop=\"name\"><img alt='' src='https:\/\/secure.gravatar.com\/avatar\/cc0f0b940557e2eeb10cc64e4182c37a?s=30&#038;d=mm&#038;r=g' srcset='https:\/\/secure.gravatar.com\/avatar\/cc0f0b940557e2eeb10cc64e4182c37a?s=60&#038;d=mm&#038;r=g 2x' class='avatar avatar-30 photo' height='30' width='30' loading='lazy'\/><a href=\"https:\/\/www.culture.gouv.sn\/index.php\/author\/admin1326\/\" title=\"Articles par MJSC\" rel=\"author\">MJSC<\/a><\/span><span class=\"post-date\"><i class=\"fa fa-clock-o\"><\/i>9 octobre 2019<\/span><\/span><\/span>                    \r\n                <\/div>\r\n            <\/div>\r\n            <\/div>\r\n            \r\n\r\n            \r\n\r\n            <div class=\"col-md-4 blog_grid_post_style jl_row_6\">\r\n                <div class=\"jl_grid_box_wrapper\">            \r\n                        <span class=\"image_grid_header_absolute\" style=\"background-image: url('https:\/\/www.culture.gouv.sn\/wp-content\/uploads\/2019\/08\/gor\u00e9e-780x429.jpg')\"><\/span>\r\n                <a href=\"https:\/\/www.culture.gouv.sn\/index.php\/2019\/10\/09\/protection-de-lile-de-goree-contre-lerosion-cotiere\/\" class=\"link_grid_header_absolute\" title=\"Protection de l\u2019\u00eele de Gor\u00e9e contre l\u2019\u00e9rosion c\u00f4ti\u00e8re\"><\/a>                            \r\n                                                                        \r\n                <div class=\"post-entry-content\">                                        \r\n                    <h3 class=\"image-post-title\"><a href=\"https:\/\/www.culture.gouv.sn\/index.php\/2019\/10\/09\/protection-de-lile-de-goree-contre-lerosion-cotiere\/\">\r\n                            Protection de l\u2019\u00eele de Gor\u00e9e contre l\u2019\u00e9rosion c\u00f4ti\u00e8re<\/a><\/h3>\r\n                            <span class=\"jl_post_meta\" itemscope=\"\" itemprop=\"author\" itemtype=\"http:\/\/schema.org\/Person\"><span class=\"jl_author_img_w\" itemprop=\"name\"><img alt='' src='https:\/\/secure.gravatar.com\/avatar\/cc0f0b940557e2eeb10cc64e4182c37a?s=30&#038;d=mm&#038;r=g' srcset='https:\/\/secure.gravatar.com\/avatar\/cc0f0b940557e2eeb10cc64e4182c37a?s=60&#038;d=mm&#038;r=g 2x' class='avatar avatar-30 photo' height='30' width='30' loading='lazy'\/><a href=\"https:\/\/www.culture.gouv.sn\/index.php\/author\/admin1326\/\" title=\"Articles par MJSC\" rel=\"author\">MJSC<\/a><\/span><span class=\"post-date\"><i class=\"fa fa-clock-o\"><\/i>9 octobre 2019<\/span><\/span><\/span>                    \r\n                <\/div>\r\n            <\/div>\r\n            <\/div>\r\n            <div class=\"clear_line_3col_home\"><\/div>\r\n\r\n            \r\n\r\n            <div class=\"col-md-4 blog_grid_post_style jl_row_7\">\r\n                <div class=\"jl_grid_box_wrapper\">            \r\n                        <span class=\"image_grid_header_absolute\" style=\"background-image: url('https:\/\/www.culture.gouv.sn\/wp-content\/themes\/disto\/img\/feature_img\/header_carousel.jpg')\"><\/span>\r\n                <a href=\"https:\/\/www.culture.gouv.sn\/index.php\/2019\/07\/24\/this-guitar-sound-is-so-good-and-i-need-it-more\/\" class=\"link_grid_header_absolute\" title=\"Construction de la Biblioth\u00e8que Nationale\"><\/a>                            \r\n                                                                        \r\n                <div class=\"post-entry-content\">                                        \r\n                    <h3 class=\"image-post-title\"><a href=\"https:\/\/www.culture.gouv.sn\/index.php\/2019\/07\/24\/this-guitar-sound-is-so-good-and-i-need-it-more\/\">\r\n                            Construction de la Biblioth\u00e8que Nationale<\/a><\/h3>\r\n                            <span class=\"jl_post_meta\" itemscope=\"\" itemprop=\"author\" itemtype=\"http:\/\/schema.org\/Person\"><span class=\"jl_author_img_w\" itemprop=\"name\"><img alt='' src='https:\/\/secure.gravatar.com\/avatar\/cc0f0b940557e2eeb10cc64e4182c37a?s=30&#038;d=mm&#038;r=g' srcset='https:\/\/secure.gravatar.com\/avatar\/cc0f0b940557e2eeb10cc64e4182c37a?s=60&#038;d=mm&#038;r=g 2x' class='avatar avatar-30 photo' height='30' width='30' loading='lazy'\/><a href=\"https:\/\/www.culture.gouv.sn\/index.php\/author\/admin1326\/\" title=\"Articles par MJSC\" rel=\"author\">MJSC<\/a><\/span><span class=\"post-date\"><i class=\"fa fa-clock-o\"><\/i>24 juillet 2019<\/span><\/span><\/span>                    \r\n                <\/div>\r\n            <\/div>\r\n            <\/div>\r\n            \r\n\r\n            \r\n\r\n            <div class=\"col-md-4 blog_grid_post_style jl_row_8\">\r\n                <div class=\"jl_grid_box_wrapper\">            \r\n                        <span class=\"image_grid_header_absolute\" style=\"background-image: url('https:\/\/www.culture.gouv.sn\/wp-content\/uploads\/2019\/07\/wax17_1_54_121-780x450.jpg')\"><\/span>\r\n                <a href=\"https:\/\/www.culture.gouv.sn\/index.php\/2019\/07\/24\/technology-can-make-your-live-easy-and-more-awesome\/\" class=\"link_grid_header_absolute\" title=\"Construction de l\u2019Ecole Nationale des Arts et des M\u00e9tiers de la Culture (ENAMC)\"><\/a>                            \r\n                                                                        \r\n                <div class=\"post-entry-content\">                                        \r\n                    <h3 class=\"image-post-title\"><a href=\"https:\/\/www.culture.gouv.sn\/index.php\/2019\/07\/24\/technology-can-make-your-live-easy-and-more-awesome\/\">\r\n                            Construction de l\u2019Ecole Nationale des Arts et des M\u00e9tiers de la Culture (ENAMC)<\/a><\/h3>\r\n                            <span class=\"jl_post_meta\" itemscope=\"\" itemprop=\"author\" itemtype=\"http:\/\/schema.org\/Person\"><span class=\"jl_author_img_w\" itemprop=\"name\"><img alt='' src='https:\/\/secure.gravatar.com\/avatar\/cc0f0b940557e2eeb10cc64e4182c37a?s=30&#038;d=mm&#038;r=g' srcset='https:\/\/secure.gravatar.com\/avatar\/cc0f0b940557e2eeb10cc64e4182c37a?s=60&#038;d=mm&#038;r=g 2x' class='avatar avatar-30 photo' height='30' width='30' loading='lazy'\/><a href=\"https:\/\/www.culture.gouv.sn\/index.php\/author\/admin1326\/\" title=\"Articles par MJSC\" rel=\"author\">MJSC<\/a><\/span><span class=\"post-date\"><i class=\"fa fa-clock-o\"><\/i>24 juillet 2019<\/span><\/span><\/span>                    \r\n                <\/div>\r\n            <\/div>\r\n            <\/div>\r\n            \r\n\r\n            \r\n\r\n            <div class=\"col-md-4 blog_grid_post_style jl_row_9\">\r\n                <div class=\"jl_grid_box_wrapper\">            \r\n                        <span class=\"image_grid_header_absolute\" style=\"background-image: url('https:\/\/www.culture.gouv.sn\/wp-content\/uploads\/2016\/12\/joola-780x450.png')\"><\/span>\r\n                <a href=\"https:\/\/www.culture.gouv.sn\/index.php\/2019\/07\/24\/sitting-right-here-waiting-for-you-come-to-me\/\" class=\"link_grid_header_absolute\" title=\"M\u00e9morial Le Joola\"><\/a>                            \r\n                                                                        \r\n                <div class=\"post-entry-content\">                                        \r\n                    <h3 class=\"image-post-title\"><a href=\"https:\/\/www.culture.gouv.sn\/index.php\/2019\/07\/24\/sitting-right-here-waiting-for-you-come-to-me\/\">\r\n                            M\u00e9morial Le Joola<\/a><\/h3>\r\n                            <span class=\"jl_post_meta\" itemscope=\"\" itemprop=\"author\" itemtype=\"http:\/\/schema.org\/Person\"><span class=\"jl_author_img_w\" itemprop=\"name\"><img alt='' src='https:\/\/secure.gravatar.com\/avatar\/cc0f0b940557e2eeb10cc64e4182c37a?s=30&#038;d=mm&#038;r=g' srcset='https:\/\/secure.gravatar.com\/avatar\/cc0f0b940557e2eeb10cc64e4182c37a?s=60&#038;d=mm&#038;r=g 2x' class='avatar avatar-30 photo' height='30' width='30' loading='lazy'\/><a href=\"https:\/\/www.culture.gouv.sn\/index.php\/author\/admin1326\/\" title=\"Articles par MJSC\" rel=\"author\">MJSC<\/a><\/span><span class=\"post-date\"><i class=\"fa fa-clock-o\"><\/i>24 juillet 2019<\/span><\/span><\/span>                    \r\n                <\/div>\r\n            <\/div>\r\n            <\/div>\r\n            <div class=\"clear_line_3col_home\"><\/div>\r\n\r\n            \r\n\r\n            <div class=\"col-md-4 blog_grid_post_style jl_row_10\">\r\n                <div class=\"jl_grid_box_wrapper\">            \r\n                        <span class=\"image_grid_header_absolute\" style=\"background-image: url('https:\/\/www.culture.gouv.sn\/wp-content\/uploads\/2019\/07\/arton107110-780x363.jpg')\"><\/span>\r\n                <a href=\"https:\/\/www.culture.gouv.sn\/index.php\/2019\/07\/24\/cinema\/\" class=\"link_grid_header_absolute\" title=\"Mise en place de la cit\u00e9 du Cin\u00e9ma et de l\u2019Audiovisuel\"><\/a>                            \r\n                                                                        \r\n                <div class=\"post-entry-content\">                                        \r\n                    <h3 class=\"image-post-title\"><a href=\"https:\/\/www.culture.gouv.sn\/index.php\/2019\/07\/24\/cinema\/\">\r\n                            Mise en place de la cit\u00e9 du Cin\u00e9ma et de l\u2019Audiovisuel<\/a><\/h3>\r\n                            <span class=\"jl_post_meta\" itemscope=\"\" itemprop=\"author\" itemtype=\"http:\/\/schema.org\/Person\"><span class=\"jl_author_img_w\" itemprop=\"name\"><img alt='' src='https:\/\/secure.gravatar.com\/avatar\/cc0f0b940557e2eeb10cc64e4182c37a?s=30&#038;d=mm&#038;r=g' srcset='https:\/\/secure.gravatar.com\/avatar\/cc0f0b940557e2eeb10cc64e4182c37a?s=60&#038;d=mm&#038;r=g 2x' class='avatar avatar-30 photo' height='30' width='30' loading='lazy'\/><a href=\"https:\/\/www.culture.gouv.sn\/index.php\/author\/admin1326\/\" title=\"Articles par MJSC\" rel=\"author\">MJSC<\/a><\/span><span class=\"post-date\"><i class=\"fa fa-clock-o\"><\/i>24 juillet 2019<\/span><\/span><\/span>                    \r\n                <\/div>\r\n            <\/div>\r\n            <\/div>\r\n            \r\n\r\n            \r\n        <\/div>\r\n    <\/div>\r\n<\/div>\r\n<\/div><\/div><\/div>","protected":false},"excerpt":{"rendered":"","protected":false},"author":1,"featured_media":0,"parent":0,"menu_order":0,"comment_status":"closed","ping_status":"closed","template":"","meta":{"ngg_post_thumbnail":0},"_links":{"self":[{"href":"https:\/\/www.culture.gouv.sn\/index.php\/wp-json\/wp\/v2\/pages\/6997"}],"collection":[{"href":"https:\/\/www.culture.gouv.sn\/index.php\/wp-json\/wp\/v2\/pages"}],"about":[{"href":"https:\/\/www.culture.gouv.sn\/index.php\/wp-json\/wp\/v2\/types\/page"}],"author":[{"embeddable":true,"href":"https:\/\/www.culture.gouv.sn\/index.php\/wp-json\/wp\/v2\/users\/1"}],"replies":[{"embeddable":true,"href":"https:\/\/www.culture.gouv.sn\/index.php\/wp-json\/wp\/v2\/comments?post=6997"}],"version-history":[{"count":6,"href":"https:\/\/www.culture.gouv.sn\/index.php\/wp-json\/wp\/v2\/pages\/6997\/revisions"}],"predecessor-version":[{"id":7003,"href":"https:\/\/www.culture.gouv.sn\/index.php\/wp-json\/wp\/v2\/pages\/6997\/revisions\/7003"}],"wp:attachment":[{"href":"https:\/\/www.culture.gouv.sn\/index.php\/wp-json\/wp\/v2\/media?parent=6997"}],"curies":[{"name":"wp","href":"https:\/\/api.w.org\/{rel}","templated":true}]}}