{"id":8968,"date":"2020-01-26T12:31:02","date_gmt":"2020-01-26T12:31:02","guid":{"rendered":"http:\/\/www.cultureetcommunication.sn\/?page_id=8968"},"modified":"2020-01-26T12:31:02","modified_gmt":"2020-01-26T12:31:02","slug":"ecole-nationale-des-arts","status":"publish","type":"page","link":"https:\/\/www.culture.gouv.sn\/index.php\/ecole-nationale-des-arts\/","title":{"rendered":"Ecole nationale des arts"},"content":{"rendered":"<div id=\"pl-8968\"  class=\"panel-layout\" ><div id=\"pg-8968-0\"  class=\"panel-grid panel-no-style\" ><div id=\"pgc-8968-0-0\"  class=\"panel-grid-cell\" ><div id=\"panel-8968-0-0-0\" class=\"so-panel widget widget_text panel-first-child panel-last-child\" data-index=\"0\" >\t\t\t<div class=\"textwidget\"><p>Etablissement d\u2019enseignement professionnel\u00a0 moyen, secondaire et sup\u00e9rieur, L\u2019ENA est le principal outil de formation par lequel l\u2019Etat du S\u00e9n\u00e9gal assure la promotion de la recherche p\u00e9dagogique dans les domaines artistiques et culturels\/<\/p>\n<p>Sa vocation principale \u00a0est d\u2019assurer une formation acad\u00e9mique dans le domaine des Arts vivants, des Arts visuels et de la M\u00e9diation culturelle.<\/p>\n<p>Dans ces domaines, l\u2019ENA assure la formation continue des agents de l\u2019Etat, du secteur priv\u00e9 et des \u00e9trangers par l\u2019organisation de stages et s\u00e9minaires de recyclage\/perfectionnement.<\/p>\n<p>Les formations au sein de l\u2019Etablissent s\u2019articulent \u00a0autour de neuf (09) fili\u00e8res de formation r\u00e9parties dans trois d\u00e9partements<\/p>\n<p><strong>\u00a0<\/strong><\/p>\n<ol>\n<li><strong> LE DEPARTEMENT DE FORMATION DE FORMATEURS D\u2019ANIMATION CULTURELLE ET DE RECHERCHE (DFFACR)<\/strong><\/li>\n<\/ol>\n<ul>\n<li>La fili\u00e8re des professeurs d\u2019\u00e9ducation artistique plastique<\/li>\n<li>(dur\u00e9e de formation 04ans)<\/li>\n<li>La fili\u00e8re des professeurs d\u2019Education Artistique Musicale<\/li>\n<li>(dur\u00e9e de formation 04ans)<\/li>\n<li>La fili\u00e8re des Animateurs Culturels (dur\u00e9e de formation 03ans)<\/li>\n<\/ul>\n<p>&nbsp;<\/p>\n<ol start=\"2\">\n<li><strong> LE DEPARTEMENT DES ARTS PLASTIQUES (DAP)<\/strong><\/li>\n<\/ol>\n<p><strong>Comprend\u00a0 un cycle pr\u00e9paratoire et trois (03) fili\u00e8res de sp\u00e9cialisation \u00a0<\/strong><\/p>\n<ul>\n<li>Le cycle pr\u00e9paratoire (dur\u00e9e de formation 02ans)<\/li>\n<li>La fili\u00e8re des artistes plasticiens d\u2019expression<\/li>\n<li>La fili\u00e8re des artistes plasticiens graphistes<\/li>\n<li>La fili\u00e8re des artistes plasticiens de l\u2019environnement<\/li>\n<\/ul>\n<p>La dur\u00e9e de la formation dans ces trois fili\u00e8res est de deux (02) ans<\/p>\n<p><strong>\u00a0<\/strong><\/p>\n<ol start=\"3\">\n<li><strong> LE DEPARTEMENT DES ARTS SCENIQUES (DASC)<\/strong><\/li>\n<\/ol>\n<p>Le D\u00e9partement des Arts Sc\u00e9niques comprend cinq (06) fili\u00e8res de formation\u00a0:<\/p>\n<ul>\n<li>la fili\u00e8re des artistes musiciens classiques (dur\u00e9e de formation 05ans)<\/li>\n<li>la fili\u00e8re des artistes musiciens modernes (dur\u00e9e de formation 05ans)<\/li>\n<li>la fili\u00e8re des danseurs chor\u00e9graphes (dur\u00e9e de formation 05ans)<\/li>\n<li>la fili\u00e8re des Artistes com\u00e9diens (dur\u00e9e de formation 04ans)<\/li>\n<li>la fili\u00e8re des artistes plasticiens graphistes forme des artistes sp\u00e9cialis\u00e9s dans les domaines de l\u2019image publicitaire, des techniques d\u2019illustrations, de la typographie, de l\u2019\u00e9dition, de l\u2019audiovisuel et de la photographie<\/li>\n<li>la Fili\u00e8re des artistes plasticiens de l\u2019environnement forme des cr\u00e9ateurs sp\u00e9cialis\u00e9s dans le domaine du design architectural (int\u00e9rieur-ext\u00e9rieur) ou design\u00a0 mobilier artisanal et textile.<\/li>\n<\/ul>\n<p><strong>\u00a0<\/strong><\/p>\n<p><strong>Contacts <\/strong><\/p>\n<p><strong>Ecole Nationale des Arts ENA)<\/strong><\/p>\n<p><strong>TEL: (221) 33\u00a0867 38 96 \u2013 33\u00a0867 39 05<\/strong><\/p>\n<p><strong>Adresse direction :\u00a0\u00a0\u00a0 immeuble n\u00b065 nord liberte 6 extention\u00a0\u00a0 <\/strong><\/p>\n<p><strong>Classes et ateliers : immeuble n\u00b070 liberte 6 extension dakar fann<\/strong><\/p>\n<\/div>\n\t\t<\/div><\/div><\/div><\/div>","protected":false},"excerpt":{"rendered":"<p>Etablissement d\u2019enseignement professionnel\u00a0 moyen, secondaire et sup\u00e9rieur, L\u2019ENA est le principal outil de formation par lequel l\u2019Etat du S\u00e9n\u00e9gal assure la promotion de la recherche p\u00e9dagogique dans les domaines artistiques et culturels\/ Sa vocation principale \u00a0est d\u2019assurer une formation acad\u00e9mique dans le domaine des Arts vivants, des Arts visuels et de la M\u00e9diation culturelle. Dans [&hellip;]<\/p>\n","protected":false},"author":1,"featured_media":0,"parent":0,"menu_order":0,"comment_status":"closed","ping_status":"closed","template":"","meta":{"ngg_post_thumbnail":0},"_links":{"self":[{"href":"https:\/\/www.culture.gouv.sn\/index.php\/wp-json\/wp\/v2\/pages\/8968"}],"collection":[{"href":"https:\/\/www.culture.gouv.sn\/index.php\/wp-json\/wp\/v2\/pages"}],"about":[{"href":"https:\/\/www.culture.gouv.sn\/index.php\/wp-json\/wp\/v2\/types\/page"}],"author":[{"embeddable":true,"href":"https:\/\/www.culture.gouv.sn\/index.php\/wp-json\/wp\/v2\/users\/1"}],"replies":[{"embeddable":true,"href":"https:\/\/www.culture.gouv.sn\/index.php\/wp-json\/wp\/v2\/comments?post=8968"}],"version-history":[{"count":1,"href":"https:\/\/www.culture.gouv.sn\/index.php\/wp-json\/wp\/v2\/pages\/8968\/revisions"}],"predecessor-version":[{"id":8969,"href":"https:\/\/www.culture.gouv.sn\/index.php\/wp-json\/wp\/v2\/pages\/8968\/revisions\/8969"}],"wp:attachment":[{"href":"https:\/\/www.culture.gouv.sn\/index.php\/wp-json\/wp\/v2\/media?parent=8968"}],"curies":[{"name":"wp","href":"https:\/\/api.w.org\/{rel}","templated":true}]}}