{"id":8975,"date":"2020-01-26T12:43:04","date_gmt":"2020-01-26T12:43:04","guid":{"rendered":"http:\/\/www.cultureetcommunication.sn\/?page_id=8975"},"modified":"2020-01-26T12:43:04","modified_gmt":"2020-01-26T12:43:04","slug":"place-du-souvenir-africain-2","status":"publish","type":"page","link":"https:\/\/www.culture.gouv.sn\/index.php\/place-du-souvenir-africain-2\/","title":{"rendered":"Place du souvenir africain"},"content":{"rendered":"<div id=\"pl-8975\"  class=\"panel-layout\" ><div id=\"pg-8975-0\"  class=\"panel-grid panel-no-style\" ><div id=\"pgc-8975-0-0\"  class=\"panel-grid-cell\" ><div id=\"panel-8975-0-0-0\" class=\"so-panel widget widget_text panel-first-child panel-last-child\" data-index=\"0\" >\t\t\t<div class=\"textwidget\"><p>Dans le long cheminement de son histoire, l\u2019Afrique a produit de grandes figures inscrites dans nos m\u00e9moires individuelles et collectives parce qu\u2019ayant contribu\u00e9 par leurs id\u00e9es, leurs prises de position et leur combat \u00e0 la r\u00e9habilitation du pass\u00e9 africain et la dignit\u00e9 de l\u2019homme noir.<\/p>\n<p>Ces Grands Hommes et Femmes de l\u2019Afrique et de la diaspora m\u00e9ritent d\u2019\u00eatre mieux connus, valoris\u00e9s et enseign\u00e9s.<img loading=\"lazy\" class=\"size-medium wp-image-5707 alignright\" src=\"http:\/\/www.cultureetcommunication.sn\/wp-content\/uploads\/2019\/08\/IMG_2347-300x225.jpg\" alt=\"\" width=\"300\" height=\"225\" srcset=\"https:\/\/www.culture.gouv.sn\/wp-content\/uploads\/2019\/08\/IMG_2347-300x225.jpg 300w, https:\/\/www.culture.gouv.sn\/wp-content\/uploads\/2019\/08\/IMG_2347-600x450.jpg 600w, https:\/\/www.culture.gouv.sn\/wp-content\/uploads\/2019\/08\/IMG_2347-768x576.jpg 768w, https:\/\/www.culture.gouv.sn\/wp-content\/uploads\/2019\/08\/IMG_2347-1024x768.jpg 1024w, https:\/\/www.culture.gouv.sn\/wp-content\/uploads\/2019\/08\/IMG_2347-1000x750.jpg 1000w\" sizes=\"(max-width: 300px) 100vw, 300px\" \/><\/p>\n<p>En effet, la Place du Souvenir a \u00e9t\u00e9 con\u00e7ue comme une sorte de rempart contre l\u2019oubli par la jeunesse en particulier, des figures embl\u00e9matiques de leur histoire.<\/p>\n<p>Ainsi l\u2019espace se pr\u00e9sente comme une sorte de mus\u00e9e dynamique o\u00f9 pourront y\u00a0 figurer deux expositions portant d\u2019une part sur une pr\u00e9sentation multim\u00e9dia des figures de la r\u00e9sistance africaine et sur les grands hommes de culture, d\u2019autre part.<\/p>\n<p>Il s\u2019agira donc de pr\u00e9senter au public africain et du monde entier, une partie de la m\u00e9moire de l\u2019Afrique et de la diaspora \u00e0 travers ses grands hommes et ses grandes femmes.<\/p>\n<p>La Place du Souvenir a aussi, entre autres missions principales, l\u2019organisation d\u2019activit\u00e9s scientifiques et culturelles parmi lesquelles des cycles de conf\u00e9rences, des expositions, des manifestations artistiques, dont l\u2019objectif est de cr\u00e9er un cadre de rencontres et d\u2019\u00e9changes autour du panafricanisme et de la renaissance africaine mais aussi promouvoir le dialogue f\u00e9cond des civilisations et des cultures.<\/p>\n<p>&nbsp;<\/p>\n<p><strong>Contact et adresse<\/strong><\/p>\n<p>Adresse\u00a0: Corniche Ouest\u00a0 x\u00a0 Fann R\u00e9sidence \u2013 BP\u00a0: 25\u00a0888 \u2013<\/p>\n<p>T\u00e9l.\u00a0: 33\u00a0825 96 59.<\/p>\n<\/div>\n\t\t<\/div><\/div><\/div><\/div>","protected":false},"excerpt":{"rendered":"<p>Dans le long cheminement de son histoire, l\u2019Afrique a produit de grandes figures inscrites dans nos m\u00e9moires individuelles et collectives parce qu\u2019ayant contribu\u00e9 par leurs id\u00e9es, leurs prises de position et leur combat \u00e0 la r\u00e9habilitation du pass\u00e9 africain et la dignit\u00e9 de l\u2019homme noir. Ces Grands Hommes et Femmes de l\u2019Afrique et de la [&hellip;]<\/p>\n","protected":false},"author":1,"featured_media":5707,"parent":0,"menu_order":0,"comment_status":"closed","ping_status":"closed","template":"","meta":{"ngg_post_thumbnail":0},"_links":{"self":[{"href":"https:\/\/www.culture.gouv.sn\/index.php\/wp-json\/wp\/v2\/pages\/8975"}],"collection":[{"href":"https:\/\/www.culture.gouv.sn\/index.php\/wp-json\/wp\/v2\/pages"}],"about":[{"href":"https:\/\/www.culture.gouv.sn\/index.php\/wp-json\/wp\/v2\/types\/page"}],"author":[{"embeddable":true,"href":"https:\/\/www.culture.gouv.sn\/index.php\/wp-json\/wp\/v2\/users\/1"}],"replies":[{"embeddable":true,"href":"https:\/\/www.culture.gouv.sn\/index.php\/wp-json\/wp\/v2\/comments?post=8975"}],"version-history":[{"count":1,"href":"https:\/\/www.culture.gouv.sn\/index.php\/wp-json\/wp\/v2\/pages\/8975\/revisions"}],"predecessor-version":[{"id":8976,"href":"https:\/\/www.culture.gouv.sn\/index.php\/wp-json\/wp\/v2\/pages\/8975\/revisions\/8976"}],"wp:featuredmedia":[{"embeddable":true,"href":"https:\/\/www.culture.gouv.sn\/index.php\/wp-json\/wp\/v2\/media\/5707"}],"wp:attachment":[{"href":"https:\/\/www.culture.gouv.sn\/index.php\/wp-json\/wp\/v2\/media?parent=8975"}],"curies":[{"name":"wp","href":"https:\/\/api.w.org\/{rel}","templated":true}]}}