{"id":8984,"date":"2020-01-26T12:50:47","date_gmt":"2020-01-26T12:50:47","guid":{"rendered":"http:\/\/www.cultureetcommunication.sn\/?page_id=8984"},"modified":"2020-01-26T12:51:07","modified_gmt":"2020-01-26T12:51:07","slug":"maison-de-la-culture-douta-seck-2","status":"publish","type":"page","link":"https:\/\/www.culture.gouv.sn\/index.php\/maison-de-la-culture-douta-seck-2\/","title":{"rendered":"Maison de la Culture Douta SECK"},"content":{"rendered":"<div id=\"pl-8984\"  class=\"panel-layout\" ><div id=\"pg-8984-0\"  class=\"panel-grid panel-no-style\" ><div id=\"pgc-8984-0-0\"  class=\"panel-grid-cell\" ><div id=\"panel-8984-0-0-0\" class=\"so-panel widget widget_text panel-first-child panel-last-child\" data-index=\"0\" >\t\t\t<div class=\"textwidget\"><p>Situ\u00e9e\u00a0 au c\u0153ur d\u2019un des plus grands quartiers de Dakar, la capitale du S\u00e9n\u00e9gal, l\u2019ancienne R\u00e9sidence de M\u00e9dina f\u00fbt baptis\u00e9e <strong>le 23 avril 1997<\/strong> Maison de la Culture par son Excellence le Pr\u00e9sident <strong>Abdou DIOUF<\/strong>.. Plus tard, elle portera le nom de l\u2019\u00e9minent Homme de Culture Douta SECK.<\/p>\n<p>La Maison de la Culture Douta SECK est inscrite sur la liste nationale des sites et monuments historiques par arr\u00eat\u00e9 minist\u00e9riel en date du 03 novembre 2004.<\/p>\n<p>La Maison de la Culture Douta SECK est un centre d\u2019excellence, de recherche-action, de diffusion et de d\u00e9veloppement d\u2019activit\u00e9s culturelles.<\/p>\n<p><strong>Missions Principales <\/strong><\/p>\n<p>La maison de la culture Douta Seck a pour vocation de\u00a0:<\/p>\n<ul>\n<li>favoriser des rencontres, des \u00e9changes d\u2019exp\u00e9riences et des convergences, en vue d\u2019instaurer un foyer rayonnant de cr\u00e9ativit\u00e9.<\/li>\n<li>Traiter et restituer l\u2019information culturelle par la diffusion et la promotion d\u2019une documentation sp\u00e9cialis\u00e9e.<\/li>\n<li>Instaurer un espace de cr\u00e9ativit\u00e9 pour les enfants et les adolescents, en vue de favoriser leur \u00e9panouissement.<\/li>\n<li>Cr\u00e9er une dynamique autour des arts sc\u00e9niques, des arts visuels et des multim\u00e9dia<\/li>\n<li>Soutenir et accompagner les initiatives culturelles nationales et internationales.<\/li>\n<li>Promouvoir et sauvegarder le patrimoine culturel mat\u00e9riel et immat\u00e9riel.<\/li>\n<li>Participer au d\u00e9veloppement de la coop\u00e9ration culturelle, avec les institutions et les repr\u00e9sentations diplomatiques.<\/li>\n<li>D\u00e9velopper un r\u00e9seau de partenariat avec les associations des professionnels des m\u00e9tiers de la culture.<\/li>\n<\/ul>\n<p><strong>Contacts\u00a0:<\/strong><\/p>\n<p><strong>Avenue Blaise DIAGNE X RUE 25 MEDINA \/DAKAR<\/strong><\/p>\n<p><strong>Tel\u00a0: 00 221 33 822 36 59 \/ Fax\u00a0: 00 221 33 821 21 33\/<\/strong><\/p>\n<p><a href=\"mailto:maisondelaculturedoutaseck@gmail.com\"><strong>maisondelaculturedoutaseck@gmail.com<\/strong><\/a><\/p>\n<\/div>\n\t\t<\/div><\/div><\/div><\/div>","protected":false},"excerpt":{"rendered":"<p>Situ\u00e9e\u00a0 au c\u0153ur d\u2019un des plus grands quartiers de Dakar, la capitale du S\u00e9n\u00e9gal, l\u2019ancienne R\u00e9sidence de M\u00e9dina f\u00fbt baptis\u00e9e le 23 avril 1997 Maison de la Culture par son Excellence le Pr\u00e9sident Abdou DIOUF.. Plus tard, elle portera le nom de l\u2019\u00e9minent Homme de Culture Douta SECK. La Maison de la Culture Douta SECK [&hellip;]<\/p>\n","protected":false},"author":1,"featured_media":0,"parent":0,"menu_order":0,"comment_status":"closed","ping_status":"closed","template":"","meta":{"ngg_post_thumbnail":0},"_links":{"self":[{"href":"https:\/\/www.culture.gouv.sn\/index.php\/wp-json\/wp\/v2\/pages\/8984"}],"collection":[{"href":"https:\/\/www.culture.gouv.sn\/index.php\/wp-json\/wp\/v2\/pages"}],"about":[{"href":"https:\/\/www.culture.gouv.sn\/index.php\/wp-json\/wp\/v2\/types\/page"}],"author":[{"embeddable":true,"href":"https:\/\/www.culture.gouv.sn\/index.php\/wp-json\/wp\/v2\/users\/1"}],"replies":[{"embeddable":true,"href":"https:\/\/www.culture.gouv.sn\/index.php\/wp-json\/wp\/v2\/comments?post=8984"}],"version-history":[{"count":2,"href":"https:\/\/www.culture.gouv.sn\/index.php\/wp-json\/wp\/v2\/pages\/8984\/revisions"}],"predecessor-version":[{"id":8986,"href":"https:\/\/www.culture.gouv.sn\/index.php\/wp-json\/wp\/v2\/pages\/8984\/revisions\/8986"}],"wp:attachment":[{"href":"https:\/\/www.culture.gouv.sn\/index.php\/wp-json\/wp\/v2\/media?parent=8984"}],"curies":[{"name":"wp","href":"https:\/\/api.w.org\/{rel}","templated":true}]}}