{"id":8988,"date":"2020-01-26T12:53:58","date_gmt":"2020-01-26T12:53:58","guid":{"rendered":"http:\/\/www.cultureetcommunication.sn\/?page_id=8988"},"modified":"2020-01-26T12:53:58","modified_gmt":"2020-01-26T12:53:58","slug":"societe-nationale-dagence-de-presse-senegalaise","status":"publish","type":"page","link":"https:\/\/www.culture.gouv.sn\/index.php\/societe-nationale-dagence-de-presse-senegalaise\/","title":{"rendered":"Soci\u00e9te Nationale d\u2019Agence de Presse S\u00e9n\u00e9galaise"},"content":{"rendered":"<div id=\"pl-8988\"  class=\"panel-layout\" ><div id=\"pg-8988-0\"  class=\"panel-grid panel-no-style\" ><div id=\"pgc-8988-0-0\"  class=\"panel-grid-cell\" ><div id=\"panel-8988-0-0-0\" class=\"so-panel widget widget_text panel-first-child panel-last-child\" data-index=\"0\" >\t\t\t<div class=\"textwidget\"><p><strong>PRESENTATION <\/strong><\/p>\n<p>Voil\u00e0 60 ans que l\u2019Agence de presse s\u00e9n\u00e9galaise existe gr\u00e2ce \u00e0 un d\u00e9cret sign\u00e9 par feu Mamadou Dia, \u00e0 l\u2019\u00e9poque Pr\u00e9sident du Conseil.<\/p>\n<p>L\u2019Agence de presse s\u00e9n\u00e9galaise occupe aujourd&rsquo;hui une place de choix dans le paysage m\u00e9diatique s\u00e9n\u00e9galais. Elle a connu dans la douleur comme en douceur, de profondes mutations. Les changements ont \u00e9t\u00e9 dans les hommes et les directions, dans le style r\u00e9dactionnel et le mode Une prem\u00e8re r\u00e9forme intervenue en 1972 a permis \u00e0 l\u2019Agence d\u2019h\u00e9riter des Centres r\u00e9gionaux d\u2019information (CRI), et de se \u00a0doter ainsi \u00a0de bureaux r\u00e9gionaux presque partout dans le pays. Elle put ainsi proc\u00e9der \u00e0 un maillage important du territoire national.<\/p>\n<p>Conduite pour l\u2019essentiel par feu Amadou Dien cette r\u00e9forme aux allures de r\u00e9volution a eu pour principale cons\u00e9quence l\u2019\u00e9closion de journalistes qui, dans l\u2019ombre, auront donn\u00e9 le meilleur d\u2019eux-m\u00eames, pour que l\u2019information r\u00e9gionale ait droit de cit\u00e9 dans le fil de l\u2019APS : Souleymane Ndiaye \u2018\u2018Julaps\u2019\u2019, Abdou Sylla et Malamine Diop (Mbargou Diop, Babacar Ndiaye, Birassy Sow, Moustapha Sow et Abdou Djigo, etc.<\/p>\n<p>En 2015, l\u2019APS a \u00a0inaugur\u00e9 une nouvelle plateforme num\u00e9rique qui lui permet de produire du son et des images au-del\u00e0 de la production des d\u00e9p\u00eaches classiques. Une transformation digitale qui assure un meilleur positionnement de l&rsquo;APS dans le paysage m\u00e9diatique national et international.<\/p>\n<p>Aujourd\u2019hui, l&rsquo;APS produit ses propres images et d\u00e9veloppe son unit\u00e9 audiovisuelle aussi bien en \u00e9quipements qu&rsquo;en ressources humaines.<\/p>\n<p>En 2019, l&rsquo;APS a remport\u00e9 le grand prix de la FAPAA qui r\u00e9unit une quarantaine d&rsquo;agences africaine et atlantique. \u00a0Dans la m\u00eame veine, l\u2019agence int\u00e8gre le Conseil ex\u00e9cutif de la FAPAA qui est l&rsquo;instance de direction de la F\u00e9d\u00e9ration Atlantique des Agences de Presse Africaines. Elle figure aujourd\u2019hui \u00a0parmi les meilleures en termes de contenu, d&rsquo;innovations technologiques et de cr\u00e9ativit\u00e9.<\/p>\n<p>En d\u00e9cembre 2019, \u00a0l\u2019assembl\u00e9e Nationale a adopt\u00e9 \u00e0 l\u2019unanimit\u00e9 le projet de mutation institutionnelle de l&rsquo;APS. Ainsi, la loi N\u00b0\u00a0 11\/2019 autorise la cr\u00e9ation de la Soci\u00e9t\u00e9 nationale d\u2019Agence de Presse S\u00e9n\u00e9galaise. Une \u00e9volution majeure voire \u00a0une r\u00e9volution m\u00eame\u00a0\u00bb qui renforce le positionnement institutionnel de l\u2019APS<\/p>\n<p>Collecter, traiter et diffuser l\u2019information \u00e0 travers son site internet (www.aps.sn), principale vitrine de l&rsquo;APS, telle est la mission permanente, tout autant qu\u2019exaltante, de l\u2019Agence de presse s\u00e9n\u00e9galaise.<\/p>\n<\/div>\n\t\t<\/div><\/div><\/div><\/div>","protected":false},"excerpt":{"rendered":"<p>PRESENTATION Voil\u00e0 60 ans que l\u2019Agence de presse s\u00e9n\u00e9galaise existe gr\u00e2ce \u00e0 un d\u00e9cret sign\u00e9 par feu Mamadou Dia, \u00e0 l\u2019\u00e9poque Pr\u00e9sident du Conseil. L\u2019Agence de presse s\u00e9n\u00e9galaise occupe aujourd&rsquo;hui une place de choix dans le paysage m\u00e9diatique s\u00e9n\u00e9galais. Elle a connu dans la douleur comme en douceur, de profondes mutations. Les changements ont \u00e9t\u00e9 [&hellip;]<\/p>\n","protected":false},"author":1,"featured_media":0,"parent":0,"menu_order":0,"comment_status":"closed","ping_status":"closed","template":"","meta":{"ngg_post_thumbnail":0},"_links":{"self":[{"href":"https:\/\/www.culture.gouv.sn\/index.php\/wp-json\/wp\/v2\/pages\/8988"}],"collection":[{"href":"https:\/\/www.culture.gouv.sn\/index.php\/wp-json\/wp\/v2\/pages"}],"about":[{"href":"https:\/\/www.culture.gouv.sn\/index.php\/wp-json\/wp\/v2\/types\/page"}],"author":[{"embeddable":true,"href":"https:\/\/www.culture.gouv.sn\/index.php\/wp-json\/wp\/v2\/users\/1"}],"replies":[{"embeddable":true,"href":"https:\/\/www.culture.gouv.sn\/index.php\/wp-json\/wp\/v2\/comments?post=8988"}],"version-history":[{"count":1,"href":"https:\/\/www.culture.gouv.sn\/index.php\/wp-json\/wp\/v2\/pages\/8988\/revisions"}],"predecessor-version":[{"id":8989,"href":"https:\/\/www.culture.gouv.sn\/index.php\/wp-json\/wp\/v2\/pages\/8988\/revisions\/8989"}],"wp:attachment":[{"href":"https:\/\/www.culture.gouv.sn\/index.php\/wp-json\/wp\/v2\/media?parent=8988"}],"curies":[{"name":"wp","href":"https:\/\/api.w.org\/{rel}","templated":true}]}}